{"id":331,"date":"2021-10-21T03:38:31","date_gmt":"2021-10-21T03:38:31","guid":{"rendered":"https:\/\/demo.ovatheme.com\/athens\/?page_id=331"},"modified":"2023-12-08T18:06:24","modified_gmt":"2023-12-08T17:06:24","slug":"areas-de-practica","status":"publish","type":"page","link":"https:\/\/lascanoyasociados.com\/index.php\/areas-de-practica\/","title":{"rendered":"\u00c1reas de pr\u00e1ctica"},"content":{"rendered":"\t\t<div data-elementor-type=\"wp-page\" data-elementor-id=\"331\" class=\"elementor elementor-331\">\n\t\t\t\t<div class=\"elementor-element elementor-element-cef1e8a e-con-full e-flex e-con e-parent\" data-id=\"cef1e8a\" data-element_type=\"container\" data-e-type=\"container\">\n\t\t\t\t<div class=\"elementor-element elementor-element-427eccd elementor-widget__width-initial elementor-widget elementor-widget-text-editor\" data-id=\"427eccd\" data-element_type=\"widget\" data-e-type=\"widget\" data-widget_type=\"text-editor.default\">\n\t\t\t\t<div class=\"elementor-widget-container\">\n\t\t\t\t\t\t\t\t\t<p style=\"text-align: center;\"><span style=\"color: #000000;\">Nos especializamos en asesor\u00eda legal, representaci\u00f3n en litigios, resoluci\u00f3n alternativa de conflictos y mucho m\u00e1s. <\/span><\/p><p style=\"text-align: center;\"><span style=\"color: #000000;\">Trabajamos de la mano de nuestros clientes para lograr soluciones efectivas y defender sus intereses en cuestiones legales. Con a\u00f1os de experiencia y un enfoque centrado en el cliente, estamos aqu\u00ed para ayudarte a navegar el complejo mundo jur\u00eddico.<\/span><\/p>\t\t\t\t\t\t\t\t<\/div>\n\t\t\t\t<\/div>\n\t\t\t\t<\/div>\n\t\t\t\t<section class=\"elementor-section elementor-top-section elementor-element elementor-element-0f7546a elementor-section-full_width elementor-section-height-default elementor-section-height-default\" data-id=\"0f7546a\" data-element_type=\"section\" data-e-type=\"section\" data-settings=\"{&quot;background_background&quot;:&quot;classic&quot;}\">\n\t\t\t\t\t\t<div class=\"elementor-container elementor-column-gap-extended\">\n\t\t\t\t\t<div class=\"elementor-column elementor-col-33 elementor-top-column elementor-element elementor-element-c4ee4dc\" data-id=\"c4ee4dc\" data-element_type=\"column\" data-e-type=\"column\">\n\t\t\t<div class=\"elementor-widget-wrap elementor-element-populated\">\n\t\t\t\t\t\t<div class=\"elementor-element elementor-element-da972c2 elementor-widget elementor-widget-athens_elementor_practice_areas2\" data-id=\"da972c2\" data-element_type=\"widget\" data-e-type=\"widget\" data-widget_type=\"athens_elementor_practice_areas2.default\">\n\t\t\t\t<div class=\"elementor-widget-container\">\n\t\t\t\t\t\n            \n                 \n\t\t\t\t    <div class=\"ova-practice-areas2  ova-practice-areas2-template2\"\n\t\t\t\t    \tstyle=\"background-image:url('')\"\n\t\t\t\t    >\n\t\t                \t\t\t\t\t\t\t<div class=\"icon\">\n\t\t\t\t\t\t\t\t<svg aria-hidden=\"true\" class=\"e-font-icon-svg e-far-check-circle\" viewBox=\"0 0 512 512\" xmlns=\"http:\/\/www.w3.org\/2000\/svg\"><path d=\"M256 8C119.033 8 8 119.033 8 256s111.033 248 248 248 248-111.033 248-248S392.967 8 256 8zm0 48c110.532 0 200 89.451 200 200 0 110.532-89.451 200-200 200-110.532 0-200-89.451-200-200 0-110.532 89.451-200 200-200m140.204 130.267l-22.536-22.718c-4.667-4.705-12.265-4.736-16.97-.068L215.346 303.697l-59.792-60.277c-4.667-4.705-12.265-4.736-16.97-.069l-22.719 22.536c-4.705 4.667-4.736 12.265-.068 16.971l90.781 91.516c4.667 4.705 12.265 4.736 16.97.068l172.589-171.204c4.704-4.668 4.734-12.266.067-16.971z\"><\/path><\/svg>\t\t\t\t\t\t\t<\/div>\n\t\t                \n\t\t\t\t\t\t<div class=\"info\">\n\n\t\t\t\t\t\t\t\t\t\t\t\t\t\t\t<h2 class=\"title\">\n\t\t\t\t\t\t\t\t\tDelitos contra el Derecho a la Propiedad\t\t\t\t\t\t\t\t<\/h2>\n\t\t\t\t\t\t\t\t\t                    \n\t\t\t\t\t\t\t\t\t\t\t\t\t\t\t<p class=\"sub-title\">\n\t\t\t\t\t\t\t\t\tInvolucran la interferencia ilegal en los derechos de posesi\u00f3n, uso y disfrute de bienes y propiedades.\t\t\t\t\t\t\t    <\/p>\n\t\t\t\t\t\t\t\n\t\t\t\t\t\t<\/div>\n\n\t\t\t\t\t<\/div>\n\n\t\t\t\t\n                \n            \n\t\t\t\t\t\t<\/div>\n\t\t\t\t<\/div>\n\t\t\t\t<div class=\"elementor-element elementor-element-daba09f elementor-widget elementor-widget-athens_elementor_practice_areas2\" data-id=\"daba09f\" data-element_type=\"widget\" data-e-type=\"widget\" data-widget_type=\"athens_elementor_practice_areas2.default\">\n\t\t\t\t<div class=\"elementor-widget-container\">\n\t\t\t\t\t\n            \n                 \n\t\t\t\t    <div class=\"ova-practice-areas2  ova-practice-areas2-template2\"\n\t\t\t\t    \tstyle=\"background-image:url('')\"\n\t\t\t\t    >\n\t\t                \t\t\t\t\t\t\t<div class=\"icon\">\n\t\t\t\t\t\t\t\t<svg aria-hidden=\"true\" class=\"e-font-icon-svg e-far-check-circle\" viewBox=\"0 0 512 512\" xmlns=\"http:\/\/www.w3.org\/2000\/svg\"><path d=\"M256 8C119.033 8 8 119.033 8 256s111.033 248 248 248 248-111.033 248-248S392.967 8 256 8zm0 48c110.532 0 200 89.451 200 200 0 110.532-89.451 200-200 200-110.532 0-200-89.451-200-200 0-110.532 89.451-200 200-200m140.204 130.267l-22.536-22.718c-4.667-4.705-12.265-4.736-16.97-.068L215.346 303.697l-59.792-60.277c-4.667-4.705-12.265-4.736-16.97-.069l-22.719 22.536c-4.705 4.667-4.736 12.265-.068 16.971l90.781 91.516c4.667 4.705 12.265 4.736 16.97.068l172.589-171.204c4.704-4.668 4.734-12.266.067-16.971z\"><\/path><\/svg>\t\t\t\t\t\t\t<\/div>\n\t\t                \n\t\t\t\t\t\t<div class=\"info\">\n\n\t\t\t\t\t\t\t\t\t\t\t\t\t\t\t<h2 class=\"title\">\n\t\t\t\t\t\t\t\t\tDelitos contra el honor y buen nombre\t\t\t\t\t\t\t\t<\/h2>\n\t\t\t\t\t\t\t\t\t                    \n\t\t\t\t\t\t\t\t\t\t\t\t\t\t\t<p class=\"sub-title\">\n\t\t\t\t\t\t\t\t\tSon infracciones legales que incluyen la difamaci\u00f3n o calumnia, da\u00f1ando la reputaci\u00f3n de una persona.\t\t\t\t\t\t\t    <\/p>\n\t\t\t\t\t\t\t\n\t\t\t\t\t\t<\/div>\n\n\t\t\t\t\t<\/div>\n\n\t\t\t\t\n                \n            \n\t\t\t\t\t\t<\/div>\n\t\t\t\t<\/div>\n\t\t\t\t<div class=\"elementor-element elementor-element-814d373 elementor-widget elementor-widget-athens_elementor_practice_areas2\" data-id=\"814d373\" data-element_type=\"widget\" data-e-type=\"widget\" data-widget_type=\"athens_elementor_practice_areas2.default\">\n\t\t\t\t<div class=\"elementor-widget-container\">\n\t\t\t\t\t\n            \n                 \n\t\t\t\t    <div class=\"ova-practice-areas2  ova-practice-areas2-template2\"\n\t\t\t\t    \tstyle=\"background-image:url('')\"\n\t\t\t\t    >\n\t\t                \t\t\t\t\t\t\t<div class=\"icon\">\n\t\t\t\t\t\t\t\t<svg aria-hidden=\"true\" class=\"e-font-icon-svg e-far-check-circle\" viewBox=\"0 0 512 512\" xmlns=\"http:\/\/www.w3.org\/2000\/svg\"><path d=\"M256 8C119.033 8 8 119.033 8 256s111.033 248 248 248 248-111.033 248-248S392.967 8 256 8zm0 48c110.532 0 200 89.451 200 200 0 110.532-89.451 200-200 200-110.532 0-200-89.451-200-200 0-110.532 89.451-200 200-200m140.204 130.267l-22.536-22.718c-4.667-4.705-12.265-4.736-16.97-.068L215.346 303.697l-59.792-60.277c-4.667-4.705-12.265-4.736-16.97-.069l-22.719 22.536c-4.705 4.667-4.736 12.265-.068 16.971l90.781 91.516c4.667 4.705 12.265 4.736 16.97.068l172.589-171.204c4.704-4.668 4.734-12.266.067-16.971z\"><\/path><\/svg>\t\t\t\t\t\t\t<\/div>\n\t\t                \n\t\t\t\t\t\t<div class=\"info\">\n\n\t\t\t\t\t\t\t\t\t\t\t\t\t\t\t<h2 class=\"title\">\n\t\t\t\t\t\t\t\t\t Delitos contra la fauna urbana\t\t\t\t\t\t\t\t<\/h2>\n\t\t\t\t\t\t\t\t\t                    \n\t\t\t\t\t\t\t\t\t\t\t\t\t\t\t<p class=\"sub-title\">\n\t\t\t\t\t\t\t\t\tComprenden acciones ilegales que afectan a los animales que residen en \u00e1reas urbanas.\t\t\t\t\t\t\t    <\/p>\n\t\t\t\t\t\t\t\n\t\t\t\t\t\t<\/div>\n\n\t\t\t\t\t<\/div>\n\n\t\t\t\t\n                \n            \n\t\t\t\t\t\t<\/div>\n\t\t\t\t<\/div>\n\t\t\t\t\t<\/div>\n\t\t<\/div>\n\t\t\t\t<div class=\"elementor-column elementor-col-33 elementor-top-column elementor-element elementor-element-7edd03c\" data-id=\"7edd03c\" data-element_type=\"column\" data-e-type=\"column\">\n\t\t\t<div class=\"elementor-widget-wrap elementor-element-populated\">\n\t\t\t\t\t\t<div class=\"elementor-element elementor-element-6d18508 elementor-widget elementor-widget-athens_elementor_practice_areas2\" data-id=\"6d18508\" data-element_type=\"widget\" data-e-type=\"widget\" data-widget_type=\"athens_elementor_practice_areas2.default\">\n\t\t\t\t<div class=\"elementor-widget-container\">\n\t\t\t\t\t\n            \n                 \n\t\t\t\t    <div class=\"ova-practice-areas2  ova-practice-areas2-template2\"\n\t\t\t\t    \tstyle=\"background-image:url('')\"\n\t\t\t\t    >\n\t\t                \t\t\t\t\t\t\t<div class=\"icon\">\n\t\t\t\t\t\t\t\t<svg aria-hidden=\"true\" class=\"e-font-icon-svg e-far-check-circle\" viewBox=\"0 0 512 512\" xmlns=\"http:\/\/www.w3.org\/2000\/svg\"><path d=\"M256 8C119.033 8 8 119.033 8 256s111.033 248 248 248 248-111.033 248-248S392.967 8 256 8zm0 48c110.532 0 200 89.451 200 200 0 110.532-89.451 200-200 200-110.532 0-200-89.451-200-200 0-110.532 89.451-200 200-200m140.204 130.267l-22.536-22.718c-4.667-4.705-12.265-4.736-16.97-.068L215.346 303.697l-59.792-60.277c-4.667-4.705-12.265-4.736-16.97-.069l-22.719 22.536c-4.705 4.667-4.736 12.265-.068 16.971l90.781 91.516c4.667 4.705 12.265 4.736 16.97.068l172.589-171.204c4.704-4.668 4.734-12.266.067-16.971z\"><\/path><\/svg>\t\t\t\t\t\t\t<\/div>\n\t\t                \n\t\t\t\t\t\t<div class=\"info\">\n\n\t\t\t\t\t\t\t\t\t\t\t\t\t\t\t<h2 class=\"title\">\n\t\t\t\t\t\t\t\t\tDelitos contra la inviolabilidad de la vida\t\t\t\t\t\t\t\t<\/h2>\n\t\t\t\t\t\t\t\t\t                    \n\t\t\t\t\t\t\t\t\t\t\t\t\t\t\t<p class=\"sub-title\">\n\t\t\t\t\t\t\t\t\tImplican la privaci\u00f3n ilegal de la vida de una persona, como el asesinato o el homicidio. \t\t\t\t\t\t\t    <\/p>\n\t\t\t\t\t\t\t\n\t\t\t\t\t\t<\/div>\n\n\t\t\t\t\t<\/div>\n\n\t\t\t\t\n                \n            \n\t\t\t\t\t\t<\/div>\n\t\t\t\t<\/div>\n\t\t\t\t<div class=\"elementor-element elementor-element-40cd30b elementor-widget elementor-widget-athens_elementor_practice_areas2\" data-id=\"40cd30b\" data-element_type=\"widget\" data-e-type=\"widget\" data-widget_type=\"athens_elementor_practice_areas2.default\">\n\t\t\t\t<div class=\"elementor-widget-container\">\n\t\t\t\t\t\n            \n                 \n\t\t\t\t    <div class=\"ova-practice-areas2  ova-practice-areas2-template2\"\n\t\t\t\t    \tstyle=\"background-image:url('')\"\n\t\t\t\t    >\n\t\t                \t\t\t\t\t\t\t<div class=\"icon\">\n\t\t\t\t\t\t\t\t<svg aria-hidden=\"true\" class=\"e-font-icon-svg e-far-check-circle\" viewBox=\"0 0 512 512\" xmlns=\"http:\/\/www.w3.org\/2000\/svg\"><path d=\"M256 8C119.033 8 8 119.033 8 256s111.033 248 248 248 248-111.033 248-248S392.967 8 256 8zm0 48c110.532 0 200 89.451 200 200 0 110.532-89.451 200-200 200-110.532 0-200-89.451-200-200 0-110.532 89.451-200 200-200m140.204 130.267l-22.536-22.718c-4.667-4.705-12.265-4.736-16.97-.068L215.346 303.697l-59.792-60.277c-4.667-4.705-12.265-4.736-16.97-.069l-22.719 22.536c-4.705 4.667-4.736 12.265-.068 16.971l90.781 91.516c4.667 4.705 12.265 4.736 16.97.068l172.589-171.204c4.704-4.668 4.734-12.266.067-16.971z\"><\/path><\/svg>\t\t\t\t\t\t\t<\/div>\n\t\t                \n\t\t\t\t\t\t<div class=\"info\">\n\n\t\t\t\t\t\t\t\t\t\t\t\t\t\t\t<h2 class=\"title\">\n\t\t\t\t\t\t\t\t\tViolencia intrafamiliar\t\t\t\t\t\t\t\t<\/h2>\n\t\t\t\t\t\t\t\t\t                    \n\t\t\t\t\t\t\t\t\t\t\t\t\t\t\t<p class=\"sub-title\">\n\t\t\t\t\t\t\t\t\tInvolucra abusos f\u00edsicos, emocionales o psicol\u00f3gicos dentro de un entorno familiar.\t\t\t\t\t\t\t    <\/p>\n\t\t\t\t\t\t\t\n\t\t\t\t\t\t<\/div>\n\n\t\t\t\t\t<\/div>\n\n\t\t\t\t\n                \n            \n\t\t\t\t\t\t<\/div>\n\t\t\t\t<\/div>\n\t\t\t\t<div class=\"elementor-element elementor-element-4239c06 elementor-widget elementor-widget-athens_elementor_practice_areas2\" data-id=\"4239c06\" data-element_type=\"widget\" data-e-type=\"widget\" data-widget_type=\"athens_elementor_practice_areas2.default\">\n\t\t\t\t<div class=\"elementor-widget-container\">\n\t\t\t\t\t\n            \n                 \n\t\t\t\t    <div class=\"ova-practice-areas2  ova-practice-areas2-template2\"\n\t\t\t\t    \tstyle=\"background-image:url('')\"\n\t\t\t\t    >\n\t\t                \t\t\t\t\t\t\t<div class=\"icon\">\n\t\t\t\t\t\t\t\t<svg aria-hidden=\"true\" class=\"e-font-icon-svg e-far-check-circle\" viewBox=\"0 0 512 512\" xmlns=\"http:\/\/www.w3.org\/2000\/svg\"><path d=\"M256 8C119.033 8 8 119.033 8 256s111.033 248 248 248 248-111.033 248-248S392.967 8 256 8zm0 48c110.532 0 200 89.451 200 200 0 110.532-89.451 200-200 200-110.532 0-200-89.451-200-200 0-110.532 89.451-200 200-200m140.204 130.267l-22.536-22.718c-4.667-4.705-12.265-4.736-16.97-.068L215.346 303.697l-59.792-60.277c-4.667-4.705-12.265-4.736-16.97-.069l-22.719 22.536c-4.705 4.667-4.736 12.265-.068 16.971l90.781 91.516c4.667 4.705 12.265 4.736 16.97.068l172.589-171.204c4.704-4.668 4.734-12.266.067-16.971z\"><\/path><\/svg>\t\t\t\t\t\t\t<\/div>\n\t\t                \n\t\t\t\t\t\t<div class=\"info\">\n\n\t\t\t\t\t\t\t\t\t\t\t\t\t\t\t<h2 class=\"title\">\n\t\t\t\t\t\t\t\t\tIneficiencia en la Administraci\u00f3n P\u00fablica\t\t\t\t\t\t\t\t<\/h2>\n\t\t\t\t\t\t\t\t\t                    \n\t\t\t\t\t\t\t\t\t\t\t\t\t\t\t<p class=\"sub-title\">\n\t\t\t\t\t\t\t\t\tSon infracciones que obstaculizan el funcionamiento adecuado de las instituciones gubernamentales.\t\t\t\t\t\t\t    <\/p>\n\t\t\t\t\t\t\t\n\t\t\t\t\t\t<\/div>\n\n\t\t\t\t\t<\/div>\n\n\t\t\t\t\n                \n            \n\t\t\t\t\t\t<\/div>\n\t\t\t\t<\/div>\n\t\t\t\t<div class=\"elementor-element elementor-element-6f1d796 elementor-widget elementor-widget-athens_elementor_practice_areas2\" data-id=\"6f1d796\" data-element_type=\"widget\" data-e-type=\"widget\" data-widget_type=\"athens_elementor_practice_areas2.default\">\n\t\t\t\t<div class=\"elementor-widget-container\">\n\t\t\t\t\t\n            \n                 \n\t\t\t\t    <div class=\"ova-practice-areas2  ova-practice-areas2-template2\"\n\t\t\t\t    \tstyle=\"background-image:url('')\"\n\t\t\t\t    >\n\t\t                \t\t\t\t\t\t\t<div class=\"icon\">\n\t\t\t\t\t\t\t\t<svg aria-hidden=\"true\" class=\"e-font-icon-svg e-far-check-circle\" viewBox=\"0 0 512 512\" xmlns=\"http:\/\/www.w3.org\/2000\/svg\"><path d=\"M256 8C119.033 8 8 119.033 8 256s111.033 248 248 248 248-111.033 248-248S392.967 8 256 8zm0 48c110.532 0 200 89.451 200 200 0 110.532-89.451 200-200 200-110.532 0-200-89.451-200-200 0-110.532 89.451-200 200-200m140.204 130.267l-22.536-22.718c-4.667-4.705-12.265-4.736-16.97-.068L215.346 303.697l-59.792-60.277c-4.667-4.705-12.265-4.736-16.97-.069l-22.719 22.536c-4.705 4.667-4.736 12.265-.068 16.971l90.781 91.516c4.667 4.705 12.265 4.736 16.97.068l172.589-171.204c4.704-4.668 4.734-12.266.067-16.971z\"><\/path><\/svg>\t\t\t\t\t\t\t<\/div>\n\t\t                \n\t\t\t\t\t\t<div class=\"info\">\n\n\t\t\t\t\t\t\t\t\t\t\t\t\t\t\t<h2 class=\"title\">\n\t\t\t\t\t\t\t\t\t Infracciones de Tr\u00e1nsito\t\t\t\t\t\t\t\t<\/h2>\n\t\t\t\t\t\t\t\t\t                    \n\t\t\t\t\t\t\t\t\t\t\t\t\t\t\t<p class=\"sub-title\">\n\t\t\t\t\t\t\t\t\tSon violaciones a las normas de circulaci\u00f3n y seguridad vial en las carreteras y calles, sujetas a sanciones legales.\t\t\t\t\t\t\t    <\/p>\n\t\t\t\t\t\t\t\n\t\t\t\t\t\t<\/div>\n\n\t\t\t\t\t<\/div>\n\n\t\t\t\t\n                \n            \n\t\t\t\t\t\t<\/div>\n\t\t\t\t<\/div>\n\t\t\t\t\t<\/div>\n\t\t<\/div>\n\t\t\t\t<div class=\"elementor-column elementor-col-33 elementor-top-column elementor-element elementor-element-b025851\" data-id=\"b025851\" data-element_type=\"column\" data-e-type=\"column\">\n\t\t\t<div class=\"elementor-widget-wrap elementor-element-populated\">\n\t\t\t\t\t\t<div class=\"elementor-element elementor-element-66efcf7 elementor-widget elementor-widget-athens_elementor_practice_areas2\" data-id=\"66efcf7\" data-element_type=\"widget\" data-e-type=\"widget\" data-widget_type=\"athens_elementor_practice_areas2.default\">\n\t\t\t\t<div class=\"elementor-widget-container\">\n\t\t\t\t\t\n            \n                 \n\t\t\t\t    <div class=\"ova-practice-areas2  ova-practice-areas2-template2\"\n\t\t\t\t    \tstyle=\"background-image:url('')\"\n\t\t\t\t    >\n\t\t                \t\t\t\t\t\t\t<div class=\"icon\">\n\t\t\t\t\t\t\t\t<svg aria-hidden=\"true\" class=\"e-font-icon-svg e-far-check-circle\" viewBox=\"0 0 512 512\" xmlns=\"http:\/\/www.w3.org\/2000\/svg\"><path d=\"M256 8C119.033 8 8 119.033 8 256s111.033 248 248 248 248-111.033 248-248S392.967 8 256 8zm0 48c110.532 0 200 89.451 200 200 0 110.532-89.451 200-200 200-110.532 0-200-89.451-200-200 0-110.532 89.451-200 200-200m140.204 130.267l-22.536-22.718c-4.667-4.705-12.265-4.736-16.97-.068L215.346 303.697l-59.792-60.277c-4.667-4.705-12.265-4.736-16.97-.069l-22.719 22.536c-4.705 4.667-4.736 12.265-.068 16.971l90.781 91.516c4.667 4.705 12.265 4.736 16.97.068l172.589-171.204c4.704-4.668 4.734-12.266.067-16.971z\"><\/path><\/svg>\t\t\t\t\t\t\t<\/div>\n\t\t                \n\t\t\t\t\t\t<div class=\"info\">\n\n\t\t\t\t\t\t\t\t\t\t\t\t\t\t\t<h2 class=\"title\">\n\t\t\t\t\t\t\t\t\tDelitos contra la integridad personal\t\t\t\t\t\t\t\t<\/h2>\n\t\t\t\t\t\t\t\t\t                    \n\t\t\t\t\t\t\t\t\t\t\t\t\t\t\t<p class=\"sub-title\">\n\t\t\t\t\t\t\t\t\tInvolucran la violaci\u00f3n de la seguridad f\u00edsica o psicol\u00f3gica de una persona, como agresiones, lesiones o abuso. \t\t\t\t\t\t\t    <\/p>\n\t\t\t\t\t\t\t\n\t\t\t\t\t\t<\/div>\n\n\t\t\t\t\t<\/div>\n\n\t\t\t\t\n                \n            \n\t\t\t\t\t\t<\/div>\n\t\t\t\t<\/div>\n\t\t\t\t<div class=\"elementor-element elementor-element-561518d elementor-widget elementor-widget-athens_elementor_practice_areas2\" data-id=\"561518d\" data-element_type=\"widget\" data-e-type=\"widget\" data-widget_type=\"athens_elementor_practice_areas2.default\">\n\t\t\t\t<div class=\"elementor-widget-container\">\n\t\t\t\t\t\n            \n                 \n\t\t\t\t    <div class=\"ova-practice-areas2  ova-practice-areas2-template2\"\n\t\t\t\t    \tstyle=\"background-image:url('')\"\n\t\t\t\t    >\n\t\t                \t\t\t\t\t\t\t<div class=\"icon\">\n\t\t\t\t\t\t\t\t<svg aria-hidden=\"true\" class=\"e-font-icon-svg e-far-check-circle\" viewBox=\"0 0 512 512\" xmlns=\"http:\/\/www.w3.org\/2000\/svg\"><path d=\"M256 8C119.033 8 8 119.033 8 256s111.033 248 248 248 248-111.033 248-248S392.967 8 256 8zm0 48c110.532 0 200 89.451 200 200 0 110.532-89.451 200-200 200-110.532 0-200-89.451-200-200 0-110.532 89.451-200 200-200m140.204 130.267l-22.536-22.718c-4.667-4.705-12.265-4.736-16.97-.068L215.346 303.697l-59.792-60.277c-4.667-4.705-12.265-4.736-16.97-.069l-22.719 22.536c-4.705 4.667-4.736 12.265-.068 16.971l90.781 91.516c4.667 4.705 12.265 4.736 16.97.068l172.589-171.204c4.704-4.668 4.734-12.266.067-16.971z\"><\/path><\/svg>\t\t\t\t\t\t\t<\/div>\n\t\t                \n\t\t\t\t\t\t<div class=\"info\">\n\n\t\t\t\t\t\t\t\t\t\t\t\t\t\t\t<h2 class=\"title\">\n\t\t\t\t\t\t\t\t\tDelitos contra la Integridad sexual y reproductiva\t\t\t\t\t\t\t\t<\/h2>\n\t\t\t\t\t\t\t\t\t                    \n\t\t\t\t\t\t\t\t\t\t\t\t\t\t\t<p class=\"sub-title\">\n\t\t\t\t\t\t\t\t\tAbarcan actos ilegales que afectan la sexualidad y la capacidad reproductiva de una persona.\t\t\t\t\t\t\t    <\/p>\n\t\t\t\t\t\t\t\n\t\t\t\t\t\t<\/div>\n\n\t\t\t\t\t<\/div>\n\n\t\t\t\t\n                \n            \n\t\t\t\t\t\t<\/div>\n\t\t\t\t<\/div>\n\t\t\t\t<div class=\"elementor-element elementor-element-4092bb2 elementor-widget elementor-widget-athens_elementor_practice_areas2\" data-id=\"4092bb2\" data-element_type=\"widget\" data-e-type=\"widget\" data-widget_type=\"athens_elementor_practice_areas2.default\">\n\t\t\t\t<div class=\"elementor-widget-container\">\n\t\t\t\t\t\n            \n                 \n\t\t\t\t    <div class=\"ova-practice-areas2  ova-practice-areas2-template2\"\n\t\t\t\t    \tstyle=\"background-image:url('')\"\n\t\t\t\t    >\n\t\t                \t\t\t\t\t\t\t<div class=\"icon\">\n\t\t\t\t\t\t\t\t<svg aria-hidden=\"true\" class=\"e-font-icon-svg e-far-check-circle\" viewBox=\"0 0 512 512\" xmlns=\"http:\/\/www.w3.org\/2000\/svg\"><path d=\"M256 8C119.033 8 8 119.033 8 256s111.033 248 248 248 248-111.033 248-248S392.967 8 256 8zm0 48c110.532 0 200 89.451 200 200 0 110.532-89.451 200-200 200-110.532 0-200-89.451-200-200 0-110.532 89.451-200 200-200m140.204 130.267l-22.536-22.718c-4.667-4.705-12.265-4.736-16.97-.068L215.346 303.697l-59.792-60.277c-4.667-4.705-12.265-4.736-16.97-.069l-22.719 22.536c-4.705 4.667-4.736 12.265-.068 16.971l90.781 91.516c4.667 4.705 12.265 4.736 16.97.068l172.589-171.204c4.704-4.668 4.734-12.266.067-16.971z\"><\/path><\/svg>\t\t\t\t\t\t\t<\/div>\n\t\t                \n\t\t\t\t\t\t<div class=\"info\">\n\n\t\t\t\t\t\t\t\t\t\t\t\t\t\t\t<h2 class=\"title\">\n\t\t\t\t\t\t\t\t\tDelitos contra la Fe P\u00fablica\t\t\t\t\t\t\t\t<\/h2>\n\t\t\t\t\t\t\t\t\t                    \n\t\t\t\t\t\t\t\t\t\t\t\t\t\t\t<p class=\"sub-title\">\n\t\t\t\t\t\t\t\t\tAcciones ilegales que socavan la confiabilidad y la veracidad de documentos, testigos o pruebas legales.\t\t\t\t\t\t\t    <\/p>\n\t\t\t\t\t\t\t\n\t\t\t\t\t\t<\/div>\n\n\t\t\t\t\t<\/div>\n\n\t\t\t\t\n                \n            \n\t\t\t\t\t\t<\/div>\n\t\t\t\t<\/div>\n\t\t\t\t\t<\/div>\n\t\t<\/div>\n\t\t\t\t\t<\/div>\n\t\t<\/section>\n\t\t\t\t<\/div>\n\t\t","protected":false},"excerpt":{"rendered":"<p>Nos especializamos en asesor\u00eda legal, representaci\u00f3n en litigios, resoluci\u00f3n alternativa de conflictos y mucho m\u00e1s. Trabajamos de la mano de nuestros clientes para lograr soluciones efectivas y defender sus intereses en cuestiones legales. Con a\u00f1os de experiencia y un enfoque centrado en el cliente, estamos aqu\u00ed para ayudarte a navegar el complejo mundo jur\u00eddico. Delitos [&hellip;]<\/p>\n","protected":false},"author":1,"featured_media":0,"parent":0,"menu_order":0,"comment_status":"closed","ping_status":"closed","template":"elementor_header_footer","meta":{"_monsterinsights_skip_tracking":false,"_monsterinsights_sitenote_active":false,"_monsterinsights_sitenote_note":"","_monsterinsights_sitenote_category":0,"footnotes":""},"class_list":["post-331","page","type-page","status-publish","hentry"],"aioseo_notices":[],"_links":{"self":[{"href":"https:\/\/lascanoyasociados.com\/index.php\/wp-json\/wp\/v2\/pages\/331","targetHints":{"allow":["GET"]}}],"collection":[{"href":"https:\/\/lascanoyasociados.com\/index.php\/wp-json\/wp\/v2\/pages"}],"about":[{"href":"https:\/\/lascanoyasociados.com\/index.php\/wp-json\/wp\/v2\/types\/page"}],"author":[{"embeddable":true,"href":"https:\/\/lascanoyasociados.com\/index.php\/wp-json\/wp\/v2\/users\/1"}],"replies":[{"embeddable":true,"href":"https:\/\/lascanoyasociados.com\/index.php\/wp-json\/wp\/v2\/comments?post=331"}],"version-history":[{"count":58,"href":"https:\/\/lascanoyasociados.com\/index.php\/wp-json\/wp\/v2\/pages\/331\/revisions"}],"predecessor-version":[{"id":8530,"href":"https:\/\/lascanoyasociados.com\/index.php\/wp-json\/wp\/v2\/pages\/331\/revisions\/8530"}],"wp:attachment":[{"href":"https:\/\/lascanoyasociados.com\/index.php\/wp-json\/wp\/v2\/media?parent=331"}],"curies":[{"name":"wp","href":"https:\/\/api.w.org\/{rel}","templated":true}]}}