{"id":39,"date":"2021-10-19T07:14:10","date_gmt":"2021-10-19T07:14:10","guid":{"rendered":"https:\/\/demo.ovatheme.com\/athens\/?page_id=39"},"modified":"2024-03-25T21:19:53","modified_gmt":"2024-03-25T20:19:53","slug":"equipo","status":"publish","type":"page","link":"https:\/\/lascanoyasociados.com\/index.php\/equipo\/","title":{"rendered":"Equipo"},"content":{"rendered":"\t\t<div data-elementor-type=\"wp-page\" data-elementor-id=\"39\" class=\"elementor elementor-39\">\n\t\t\t\t\t\t<section class=\"elementor-section elementor-top-section elementor-element elementor-element-678aea1 elementor-section-full_width elementor-section-content-middle elementor-section-height-default elementor-section-height-default\" data-id=\"678aea1\" data-element_type=\"section\" data-e-type=\"section\" data-settings=\"{&quot;background_background&quot;:&quot;classic&quot;}\">\n\t\t\t\t\t\t\t<div class=\"elementor-background-overlay\"><\/div>\n\t\t\t\t\t\t\t<div class=\"elementor-container elementor-column-gap-no\">\n\t\t\t\t\t<div class=\"elementor-column elementor-col-100 elementor-top-column elementor-element elementor-element-1cccc03\" data-id=\"1cccc03\" data-element_type=\"column\" data-e-type=\"column\">\n\t\t\t<div class=\"elementor-widget-wrap elementor-element-populated\">\n\t\t\t\t\t\t<section class=\"elementor-section elementor-inner-section elementor-element elementor-element-9cc245c elementor-section-content-middle elementor-section-boxed elementor-section-height-default elementor-section-height-default\" data-id=\"9cc245c\" data-element_type=\"section\" data-e-type=\"section\" data-settings=\"{&quot;background_background&quot;:&quot;classic&quot;}\">\n\t\t\t\t\t\t\t<div class=\"elementor-background-overlay\"><\/div>\n\t\t\t\t\t\t\t<div class=\"elementor-container elementor-column-gap-default\">\n\t\t\t\t\t<div class=\"elementor-column elementor-col-100 elementor-inner-column elementor-element elementor-element-97724d9\" data-id=\"97724d9\" data-element_type=\"column\" data-e-type=\"column\">\n\t\t\t<div class=\"elementor-widget-wrap elementor-element-populated\">\n\t\t\t\t\t\t<div class=\"elementor-element elementor-element-1161b1d elementor-widget__width-initial elementor-widget elementor-widget-athens_elementor_heading\" data-id=\"1161b1d\" data-element_type=\"widget\" data-e-type=\"widget\" data-widget_type=\"athens_elementor_heading.default\">\n\t\t\t\t<div class=\"elementor-widget-container\">\n\t\t\t\t\t\t\t<div class=\"ova-heading template1\">\n\t\t\t\t\t\t\t\n\t\t\t\t<h2 class=\"title\">\t\t\t\t\t\t\t\t\t\t\tSomos un equipo comprometido y apasionado por la ley\t\t\t\t\t\t\t\t\t<\/h2>\n\t\t\t\t\t<\/div>\n\t\t\t\t\t\t<\/div>\n\t\t\t\t<\/div>\n\t\t\t\t<section class=\"elementor-section elementor-inner-section elementor-element elementor-element-34894ff elementor-section-boxed elementor-section-height-default elementor-section-height-default\" data-id=\"34894ff\" data-element_type=\"section\" data-e-type=\"section\" data-settings=\"{&quot;background_background&quot;:&quot;classic&quot;}\">\n\t\t\t\t\t\t\t<div class=\"elementor-background-overlay\"><\/div>\n\t\t\t\t\t\t\t<div class=\"elementor-container elementor-column-gap-default\">\n\t\t\t\t\t<div class=\"elementor-column elementor-col-50 elementor-inner-column elementor-element elementor-element-9b710f6\" data-id=\"9b710f6\" data-element_type=\"column\" data-e-type=\"column\" data-settings=\"{&quot;background_background&quot;:&quot;classic&quot;}\">\n\t\t\t<div class=\"elementor-widget-wrap elementor-element-populated\">\n\t\t\t\t\t\t<div class=\"elementor-element elementor-element-402215d elementor-widget__width-initial elementor-widget elementor-widget-image\" data-id=\"402215d\" data-element_type=\"widget\" data-e-type=\"widget\" data-widget_type=\"image.default\">\n\t\t\t\t<div class=\"elementor-widget-container\">\n\t\t\t\t\t\t\t\t\t\t\t\t\t\t\t<img fetchpriority=\"high\" decoding=\"async\" width=\"282\" height=\"300\" src=\"https:\/\/lascanoyasociados.com\/wp-content\/uploads\/2021\/11\/profesionales-1.jpg\" class=\"attachment-medium size-medium wp-image-8305\" alt=\"\" \/>\t\t\t\t\t\t\t\t\t\t\t\t\t\t\t<\/div>\n\t\t\t\t<\/div>\n\t\t\t\t\t<\/div>\n\t\t<\/div>\n\t\t\t\t<div class=\"elementor-column elementor-col-50 elementor-inner-column elementor-element elementor-element-bc8c72c\" data-id=\"bc8c72c\" data-element_type=\"column\" data-e-type=\"column\">\n\t\t\t<div class=\"elementor-widget-wrap elementor-element-populated\">\n\t\t\t\t\t\t<div class=\"elementor-element elementor-element-cc90ca6 elementor-widget elementor-widget-athens_elementor_heading\" data-id=\"cc90ca6\" data-element_type=\"widget\" data-e-type=\"widget\" data-widget_type=\"athens_elementor_heading.default\">\n\t\t\t\t<div class=\"elementor-widget-container\">\n\t\t\t\t\t\t\t<div class=\"ova-heading template1\">\n\t\t\t\t\t\t\t\t\t\t\t\t<h3 class=\"sub-title\">\n\t\t\t\t\t\t\t\t\t\t\t\t\t\t\t\t\t\tDr. Mario Lascano O. Mg.\t\t\t\t\t\t<span class=\"underlined\"><\/span>\n\t\t\t\t\t<\/h3>\n\t\t\t\t\t\n\t\t\t\t\n\t\t\t\t<h3 class=\"title\">\t\t\t\t\t\t\t\t\t\t\t\t\t\t\t\t\t\t\t\t<\/h3>\n\t\t\t\t\t<\/div>\n\t\t\t\t\t\t<\/div>\n\t\t\t\t<\/div>\n\t\t\t\t<div class=\"elementor-element elementor-element-ad05abb elementor-widget__width-initial elementor-widget elementor-widget-heading\" data-id=\"ad05abb\" data-element_type=\"widget\" data-e-type=\"widget\" data-widget_type=\"heading.default\">\n\t\t\t\t<div class=\"elementor-widget-container\">\n\t\t\t\t\t<h2 class=\"elementor-heading-title elementor-size-default\">Director Ejecutivo y Abogado Principal de nuestra firma, diecis\u00e9is a\u00f1os de experiencia en el litigio, doctorado en derecho penal, magister en derecho constitucional, derecho penal y especializado en derecho laboral, Diplomado en Casaci\u00f3n.<\/h2>\t\t\t\t<\/div>\n\t\t\t\t<\/div>\n\t\t\t\t\t<\/div>\n\t\t<\/div>\n\t\t\t\t\t<\/div>\n\t\t<\/section>\n\t\t\t\t<section class=\"elementor-section elementor-inner-section elementor-element elementor-element-656ab9d elementor-section-boxed elementor-section-height-default elementor-section-height-default\" data-id=\"656ab9d\" data-element_type=\"section\" data-e-type=\"section\" data-settings=\"{&quot;background_background&quot;:&quot;classic&quot;}\">\n\t\t\t\t\t\t\t<div class=\"elementor-background-overlay\"><\/div>\n\t\t\t\t\t\t\t<div class=\"elementor-container elementor-column-gap-default\">\n\t\t\t\t\t<div class=\"elementor-column elementor-col-25 elementor-inner-column elementor-element elementor-element-ea45ff6\" data-id=\"ea45ff6\" data-element_type=\"column\" data-e-type=\"column\" data-settings=\"{&quot;background_background&quot;:&quot;classic&quot;}\">\n\t\t\t<div class=\"elementor-widget-wrap elementor-element-populated\">\n\t\t\t\t\t\t<div class=\"elementor-element elementor-element-5a157ac elementor-widget__width-initial elementor-widget elementor-widget-image\" data-id=\"5a157ac\" data-element_type=\"widget\" data-e-type=\"widget\" data-widget_type=\"image.default\">\n\t\t\t\t<div class=\"elementor-widget-container\">\n\t\t\t\t\t\t\t\t\t\t\t\t\t\t\t<img fetchpriority=\"high\" decoding=\"async\" width=\"282\" height=\"300\" src=\"https:\/\/lascanoyasociados.com\/wp-content\/uploads\/2021\/11\/profesionales-1.jpg\" class=\"attachment-medium size-medium wp-image-8305\" alt=\"\" \/>\t\t\t\t\t\t\t\t\t\t\t\t\t\t\t<\/div>\n\t\t\t\t<\/div>\n\t\t\t\t<div class=\"elementor-element elementor-element-5b2029d elementor-widget elementor-widget-athens_elementor_heading\" data-id=\"5b2029d\" data-element_type=\"widget\" data-e-type=\"widget\" data-widget_type=\"athens_elementor_heading.default\">\n\t\t\t\t<div class=\"elementor-widget-container\">\n\t\t\t\t\t\t\t<div class=\"ova-heading template1\">\n\t\t\t\t\t\t\t\t\t\t\t\t<h3 class=\"sub-title\">\n\t\t\t\t\t\t\t\t\t\t\t\t\t\t\t\t\t\tDr. Samuel Guevara\t\t\t\t\t\t<span class=\"underlined\"><\/span>\n\t\t\t\t\t<\/h3>\n\t\t\t\t\t\n\t\t\t\t\n\t\t\t\t<h3 class=\"title\">\t\t\t\t\t\t\t\t\t\t\t\t\t\t\t\t\t\t\t\t<\/h3>\n\t\t\t\t\t<\/div>\n\t\t\t\t\t\t<\/div>\n\t\t\t\t<\/div>\n\t\t\t\t<div class=\"elementor-element elementor-element-baab277 elementor-widget__width-initial elementor-widget elementor-widget-heading\" data-id=\"baab277\" data-element_type=\"widget\" data-e-type=\"widget\" data-widget_type=\"heading.default\">\n\t\t\t\t<div class=\"elementor-widget-container\">\n\t\t\t\t\t<h2 class=\"elementor-heading-title elementor-size-default\">Master en derecho de la empresa, asesor\u00eda mercantil laboral, procesal y fiscal con menci\u00f3n en derecho tributario, administrativo y derecho societario.<\/h2>\t\t\t\t<\/div>\n\t\t\t\t<\/div>\n\t\t\t\t\t<\/div>\n\t\t<\/div>\n\t\t\t\t<div class=\"elementor-column elementor-col-25 elementor-inner-column elementor-element elementor-element-25ec522\" data-id=\"25ec522\" data-element_type=\"column\" data-e-type=\"column\" data-settings=\"{&quot;background_background&quot;:&quot;classic&quot;}\">\n\t\t\t<div class=\"elementor-widget-wrap elementor-element-populated\">\n\t\t\t\t\t\t<div class=\"elementor-element elementor-element-8a7b006 elementor-widget__width-initial elementor-widget elementor-widget-image\" data-id=\"8a7b006\" data-element_type=\"widget\" data-e-type=\"widget\" data-widget_type=\"image.default\">\n\t\t\t\t<div class=\"elementor-widget-container\">\n\t\t\t\t\t\t\t\t\t\t\t\t\t\t\t<img fetchpriority=\"high\" decoding=\"async\" width=\"282\" height=\"300\" src=\"https:\/\/lascanoyasociados.com\/wp-content\/uploads\/2021\/11\/profesionales-1.jpg\" class=\"attachment-medium size-medium wp-image-8305\" alt=\"\" \/>\t\t\t\t\t\t\t\t\t\t\t\t\t\t\t<\/div>\n\t\t\t\t<\/div>\n\t\t\t\t<div class=\"elementor-element elementor-element-8d8d764 elementor-widget elementor-widget-athens_elementor_heading\" data-id=\"8d8d764\" data-element_type=\"widget\" data-e-type=\"widget\" data-widget_type=\"athens_elementor_heading.default\">\n\t\t\t\t<div class=\"elementor-widget-container\">\n\t\t\t\t\t\t\t<div class=\"ova-heading template1\">\n\t\t\t\t\t\t\t\t\t\t\t\t<h3 class=\"sub-title\">\n\t\t\t\t\t\t\t\t\t\t\t\t\t\t\t\t\t\tDr. Pablo Lascano\t\t\t\t\t\t<span class=\"underlined\"><\/span>\n\t\t\t\t\t<\/h3>\n\t\t\t\t\t\n\t\t\t\t\n\t\t\t\t<h3 class=\"title\">\t\t\t\t\t\t\t\t\t\t\t\t\t\t\t\t\t\t\t\t<\/h3>\n\t\t\t\t\t<\/div>\n\t\t\t\t\t\t<\/div>\n\t\t\t\t<\/div>\n\t\t\t\t<div class=\"elementor-element elementor-element-d3c6fba elementor-widget__width-initial elementor-widget elementor-widget-heading\" data-id=\"d3c6fba\" data-element_type=\"widget\" data-e-type=\"widget\" data-widget_type=\"heading.default\">\n\t\t\t\t<div class=\"elementor-widget-container\">\n\t\t\t\t\t<h2 class=\"elementor-heading-title elementor-size-default\">Master en gesti\u00f3n procesal, Tr\u00e1nsito y derecho de propiedad intelectual con amplia experiencia en \u00e1reas diversas del derecho.<\/h2>\t\t\t\t<\/div>\n\t\t\t\t<\/div>\n\t\t\t\t\t<\/div>\n\t\t<\/div>\n\t\t\t\t<div class=\"elementor-column elementor-col-25 elementor-inner-column elementor-element elementor-element-05c8d62\" data-id=\"05c8d62\" data-element_type=\"column\" data-e-type=\"column\" data-settings=\"{&quot;background_background&quot;:&quot;classic&quot;}\">\n\t\t\t<div class=\"elementor-widget-wrap elementor-element-populated\">\n\t\t\t\t\t\t<div class=\"elementor-element elementor-element-afc43e0 elementor-widget__width-initial elementor-widget elementor-widget-image\" data-id=\"afc43e0\" data-element_type=\"widget\" data-e-type=\"widget\" data-widget_type=\"image.default\">\n\t\t\t\t<div class=\"elementor-widget-container\">\n\t\t\t\t\t\t\t\t\t\t\t\t\t\t\t<img fetchpriority=\"high\" decoding=\"async\" width=\"282\" height=\"300\" src=\"https:\/\/lascanoyasociados.com\/wp-content\/uploads\/2021\/11\/profesionales-1.jpg\" class=\"attachment-medium size-medium wp-image-8305\" alt=\"\" \/>\t\t\t\t\t\t\t\t\t\t\t\t\t\t\t<\/div>\n\t\t\t\t<\/div>\n\t\t\t\t<div class=\"elementor-element elementor-element-2d078b0 elementor-widget elementor-widget-athens_elementor_heading\" data-id=\"2d078b0\" data-element_type=\"widget\" data-e-type=\"widget\" data-widget_type=\"athens_elementor_heading.default\">\n\t\t\t\t<div class=\"elementor-widget-container\">\n\t\t\t\t\t\t\t<div class=\"ova-heading template1\">\n\t\t\t\t\t\t\t\t\t\t\t\t<h3 class=\"sub-title\">\n\t\t\t\t\t\t\t\t\t\t\t\t\t\t\t\t\t\tDr. Pablo Suarez\t\t\t\t\t\t<span class=\"underlined\"><\/span>\n\t\t\t\t\t<\/h3>\n\t\t\t\t\t\n\t\t\t\t\n\t\t\t\t<h3 class=\"title\">\t\t\t\t\t\t\t\t\t\t\t\t\t\t\t\t\t\t\t\t<\/h3>\n\t\t\t\t\t<\/div>\n\t\t\t\t\t\t<\/div>\n\t\t\t\t<\/div>\n\t\t\t\t<div class=\"elementor-element elementor-element-0fefff1 elementor-widget__width-initial elementor-widget elementor-widget-heading\" data-id=\"0fefff1\" data-element_type=\"widget\" data-e-type=\"widget\" data-widget_type=\"heading.default\">\n\t\t\t\t<div class=\"elementor-widget-container\">\n\t\t\t\t\t<h2 class=\"elementor-heading-title elementor-size-default\">Master en gesti\u00f3n procesal, Tr\u00e1nsito y derecho de propiedad intelectual con amplia experiencia en \u00e1reas diversas del derecho.<\/h2>\t\t\t\t<\/div>\n\t\t\t\t<\/div>\n\t\t\t\t\t<\/div>\n\t\t<\/div>\n\t\t\t\t<div class=\"elementor-column elementor-col-25 elementor-inner-column elementor-element elementor-element-0319cc8\" data-id=\"0319cc8\" data-element_type=\"column\" data-e-type=\"column\" data-settings=\"{&quot;background_background&quot;:&quot;classic&quot;}\">\n\t\t\t<div class=\"elementor-widget-wrap elementor-element-populated\">\n\t\t\t\t\t\t<div class=\"elementor-element elementor-element-bce2a5b elementor-widget__width-initial elementor-widget elementor-widget-image\" data-id=\"bce2a5b\" data-element_type=\"widget\" data-e-type=\"widget\" data-widget_type=\"image.default\">\n\t\t\t\t<div class=\"elementor-widget-container\">\n\t\t\t\t\t\t\t\t\t\t\t\t\t\t\t<img fetchpriority=\"high\" decoding=\"async\" width=\"282\" height=\"300\" src=\"https:\/\/lascanoyasociados.com\/wp-content\/uploads\/2021\/11\/profesionales-1.jpg\" class=\"attachment-medium size-medium wp-image-8305\" alt=\"\" \/>\t\t\t\t\t\t\t\t\t\t\t\t\t\t\t<\/div>\n\t\t\t\t<\/div>\n\t\t\t\t<div class=\"elementor-element elementor-element-ac713e2 elementor-widget elementor-widget-athens_elementor_heading\" data-id=\"ac713e2\" data-element_type=\"widget\" data-e-type=\"widget\" data-widget_type=\"athens_elementor_heading.default\">\n\t\t\t\t<div class=\"elementor-widget-container\">\n\t\t\t\t\t\t\t<div class=\"ova-heading template1\">\n\t\t\t\t\t\t\t\t\t\t\t\t<h3 class=\"sub-title\">\n\t\t\t\t\t\t\t\t\t\t\t\t\t\t\t\t\t\tDr. Fernando Lascano\t\t\t\t\t\t<span class=\"underlined\"><\/span>\n\t\t\t\t\t<\/h3>\n\t\t\t\t\t\n\t\t\t\t\n\t\t\t\t<h3 class=\"title\">\t\t\t\t\t\t\t\t\t\t\t\t\t\t\t\t\t\t\t\t<\/h3>\n\t\t\t\t\t<\/div>\n\t\t\t\t\t\t<\/div>\n\t\t\t\t<\/div>\n\t\t\t\t<div class=\"elementor-element elementor-element-9b9aa31 elementor-widget__width-initial elementor-widget elementor-widget-heading\" data-id=\"9b9aa31\" data-element_type=\"widget\" data-e-type=\"widget\" data-widget_type=\"heading.default\">\n\t\t\t\t<div class=\"elementor-widget-container\">\n\t\t\t\t\t<h2 class=\"elementor-heading-title elementor-size-default\">Abogado de nuestra firma especialista en derecho Civil, Sucesorio, Familiar y Civil.<\/h2>\t\t\t\t<\/div>\n\t\t\t\t<\/div>\n\t\t\t\t\t<\/div>\n\t\t<\/div>\n\t\t\t\t\t<\/div>\n\t\t<\/section>\n\t\t\t\t\t<\/div>\n\t\t<\/div>\n\t\t\t\t\t<\/div>\n\t\t<\/section>\n\t\t\t\t<div class=\"elementor-element elementor-element-4a9c009 elementor-widget elementor-widget-athens_elementor_heading\" data-id=\"4a9c009\" data-element_type=\"widget\" data-e-type=\"widget\" data-widget_type=\"athens_elementor_heading.default\">\n\t\t\t\t<div class=\"elementor-widget-container\">\n\t\t\t\t\t\t\t<div class=\"ova-heading template1\">\n\t\t\t\t\t\t\t\n\t\t\t\t<h2 class=\"title\">\t\t\t\t\t\t\t\t\t\t\tEquipo Administrativo y Comercial\t\t\t\t\t\t\t\t\t<\/h2>\n\t\t\t\t\t<\/div>\n\t\t\t\t\t\t<\/div>\n\t\t\t\t<\/div>\n\t\t\t\t<section class=\"elementor-section elementor-inner-section elementor-element elementor-element-458c071 elementor-section-boxed elementor-section-height-default elementor-section-height-default\" data-id=\"458c071\" data-element_type=\"section\" data-e-type=\"section\" data-settings=\"{&quot;background_background&quot;:&quot;classic&quot;}\">\n\t\t\t\t\t\t\t<div class=\"elementor-background-overlay\"><\/div>\n\t\t\t\t\t\t\t<div class=\"elementor-container elementor-column-gap-default\">\n\t\t\t\t\t<div class=\"elementor-column elementor-col-50 elementor-inner-column elementor-element elementor-element-e335810\" data-id=\"e335810\" data-element_type=\"column\" data-e-type=\"column\" data-settings=\"{&quot;background_background&quot;:&quot;classic&quot;}\">\n\t\t\t<div class=\"elementor-widget-wrap elementor-element-populated\">\n\t\t\t\t\t\t<div class=\"elementor-element elementor-element-b80dbd1 elementor-widget__width-initial elementor-widget elementor-widget-image\" data-id=\"b80dbd1\" data-element_type=\"widget\" data-e-type=\"widget\" data-widget_type=\"image.default\">\n\t\t\t\t<div class=\"elementor-widget-container\">\n\t\t\t\t\t\t\t\t\t\t\t\t\t\t\t<img fetchpriority=\"high\" decoding=\"async\" width=\"282\" height=\"300\" src=\"https:\/\/lascanoyasociados.com\/wp-content\/uploads\/2021\/11\/profesionales-1.jpg\" class=\"attachment-medium size-medium wp-image-8305\" alt=\"\" \/>\t\t\t\t\t\t\t\t\t\t\t\t\t\t\t<\/div>\n\t\t\t\t<\/div>\n\t\t\t\t<div class=\"elementor-element elementor-element-1ae9239 elementor-widget elementor-widget-athens_elementor_heading\" data-id=\"1ae9239\" data-element_type=\"widget\" data-e-type=\"widget\" data-widget_type=\"athens_elementor_heading.default\">\n\t\t\t\t<div class=\"elementor-widget-container\">\n\t\t\t\t\t\t\t<div class=\"ova-heading template1\">\n\t\t\t\t\t\t\t\t\t\t\t\t<h3 class=\"sub-title\">\n\t\t\t\t\t\t\t\t\t\t\t\t\t\t\t\t\t\tLic. Cristina Morales\t\t\t\t\t\t<span class=\"underlined\"><\/span>\n\t\t\t\t\t<\/h3>\n\t\t\t\t\t\n\t\t\t\t\n\t\t\t\t<h3 class=\"title\">\t\t\t\t\t\t\t\t\t\t\t\t\t\t\t\t\t\t\t\t<\/h3>\n\t\t\t\t\t<\/div>\n\t\t\t\t\t\t<\/div>\n\t\t\t\t<\/div>\n\t\t\t\t<div class=\"elementor-element elementor-element-f46148a elementor-widget__width-initial elementor-widget elementor-widget-heading\" data-id=\"f46148a\" data-element_type=\"widget\" data-e-type=\"widget\" data-widget_type=\"heading.default\">\n\t\t\t\t<div class=\"elementor-widget-container\">\n\t\t\t\t\t<h2 class=\"elementor-heading-title elementor-size-default\">Directora, Licenciada en Administraci\u00f3n, Diplomado en Sostenibilidad y \u00c9tica empresarial.<\/h2>\t\t\t\t<\/div>\n\t\t\t\t<\/div>\n\t\t\t\t\t<\/div>\n\t\t<\/div>\n\t\t\t\t<div class=\"elementor-column elementor-col-50 elementor-inner-column elementor-element elementor-element-cb4cce4\" data-id=\"cb4cce4\" data-element_type=\"column\" data-e-type=\"column\" data-settings=\"{&quot;background_background&quot;:&quot;classic&quot;}\">\n\t\t\t<div class=\"elementor-widget-wrap elementor-element-populated\">\n\t\t\t\t\t\t<div class=\"elementor-element elementor-element-8380057 elementor-widget__width-initial elementor-widget elementor-widget-image\" data-id=\"8380057\" data-element_type=\"widget\" data-e-type=\"widget\" data-widget_type=\"image.default\">\n\t\t\t\t<div class=\"elementor-widget-container\">\n\t\t\t\t\t\t\t\t\t\t\t\t\t\t\t<img fetchpriority=\"high\" decoding=\"async\" width=\"282\" height=\"300\" src=\"https:\/\/lascanoyasociados.com\/wp-content\/uploads\/2021\/11\/profesionales-1.jpg\" class=\"attachment-medium size-medium wp-image-8305\" alt=\"\" \/>\t\t\t\t\t\t\t\t\t\t\t\t\t\t\t<\/div>\n\t\t\t\t<\/div>\n\t\t\t\t<div class=\"elementor-element elementor-element-33d2fcf elementor-widget elementor-widget-athens_elementor_heading\" data-id=\"33d2fcf\" data-element_type=\"widget\" data-e-type=\"widget\" data-widget_type=\"athens_elementor_heading.default\">\n\t\t\t\t<div class=\"elementor-widget-container\">\n\t\t\t\t\t\t\t<div class=\"ova-heading template1\">\n\t\t\t\t\t\t\t\t\t\t\t\t<h3 class=\"sub-title\">\n\t\t\t\t\t\t\t\t\t\t\t\t\t\t\t\t\t\tPs. Henry Alvarez\t\t\t\t\t\t<span class=\"underlined\"><\/span>\n\t\t\t\t\t<\/h3>\n\t\t\t\t\t\n\t\t\t\t\n\t\t\t\t<h3 class=\"title\">\t\t\t\t\t\t\t\t\t\t\t\t\t\t\t\t\t\t\t\t<\/h3>\n\t\t\t\t\t<\/div>\n\t\t\t\t\t\t<\/div>\n\t\t\t\t<\/div>\n\t\t\t\t<div class=\"elementor-element elementor-element-2ee1db3 elementor-widget__width-initial elementor-widget elementor-widget-heading\" data-id=\"2ee1db3\" data-element_type=\"widget\" data-e-type=\"widget\" data-widget_type=\"heading.default\">\n\t\t\t\t<div class=\"elementor-widget-container\">\n\t\t\t\t\t<h2 class=\"elementor-heading-title elementor-size-default\">Psic\u00f3logo, especializado en talento humano, gesti\u00f3n de recursos, comunicaci\u00f3n asertiva, optimizaci\u00f3n y marketing.<\/h2>\t\t\t\t<\/div>\n\t\t\t\t<\/div>\n\t\t\t\t\t<\/div>\n\t\t<\/div>\n\t\t\t\t\t<\/div>\n\t\t<\/section>\n\t\t\t\t\t<\/div>\n\t\t<\/div>\n\t\t\t\t\t<\/div>\n\t\t<\/section>\n\t\t\t\t<\/div>\n\t\t","protected":false},"excerpt":{"rendered":"<p>Somos un equipo comprometido y apasionado por la ley Dr. Mario Lascano O. Mg. Director Ejecutivo y Abogado Principal de nuestra firma, diecis\u00e9is a\u00f1os de experiencia en el litigio, doctorado en derecho penal, magister en derecho constitucional, derecho penal y especializado en derecho laboral, Diplomado en Casaci\u00f3n. Dr. Samuel Guevara Master en derecho de la [&hellip;]<\/p>\n","protected":false},"author":1,"featured_media":8460,"parent":0,"menu_order":0,"comment_status":"closed","ping_status":"closed","template":"elementor_header_footer","meta":{"_monsterinsights_skip_tracking":false,"_monsterinsights_sitenote_active":false,"_monsterinsights_sitenote_note":"","_monsterinsights_sitenote_category":0,"footnotes":""},"class_list":["post-39","page","type-page","status-publish","has-post-thumbnail","hentry"],"aioseo_notices":[],"_links":{"self":[{"href":"https:\/\/lascanoyasociados.com\/index.php\/wp-json\/wp\/v2\/pages\/39","targetHints":{"allow":["GET"]}}],"collection":[{"href":"https:\/\/lascanoyasociados.com\/index.php\/wp-json\/wp\/v2\/pages"}],"about":[{"href":"https:\/\/lascanoyasociados.com\/index.php\/wp-json\/wp\/v2\/types\/page"}],"author":[{"embeddable":true,"href":"https:\/\/lascanoyasociados.com\/index.php\/wp-json\/wp\/v2\/users\/1"}],"replies":[{"embeddable":true,"href":"https:\/\/lascanoyasociados.com\/index.php\/wp-json\/wp\/v2\/comments?post=39"}],"version-history":[{"count":144,"href":"https:\/\/lascanoyasociados.com\/index.php\/wp-json\/wp\/v2\/pages\/39\/revisions"}],"predecessor-version":[{"id":9070,"href":"https:\/\/lascanoyasociados.com\/index.php\/wp-json\/wp\/v2\/pages\/39\/revisions\/9070"}],"wp:featuredmedia":[{"embeddable":true,"href":"https:\/\/lascanoyasociados.com\/index.php\/wp-json\/wp\/v2\/media\/8460"}],"wp:attachment":[{"href":"https:\/\/lascanoyasociados.com\/index.php\/wp-json\/wp\/v2\/media?parent=39"}],"curies":[{"name":"wp","href":"https:\/\/api.w.org\/{rel}","templated":true}]}}