{"id":8040,"date":"2023-10-29T23:30:09","date_gmt":"2023-10-29T22:30:09","guid":{"rendered":"https:\/\/lascanoyasociados.com\/?page_id=8040"},"modified":"2023-12-11T21:17:33","modified_gmt":"2023-12-11T20:17:33","slug":"testimonios","status":"publish","type":"page","link":"https:\/\/lascanoyasociados.com\/index.php\/testimonios\/","title":{"rendered":"Testimonios"},"content":{"rendered":"\t\t<div data-elementor-type=\"wp-page\" data-elementor-id=\"8040\" class=\"elementor elementor-8040\">\n\t\t\t\t<div class=\"elementor-element elementor-element-11ec82d e-con-full e-flex e-con e-parent\" data-id=\"11ec82d\" data-element_type=\"container\" data-e-type=\"container\">\n\t\t\t\t<div class=\"elementor-element elementor-element-a627693 elementor-widget elementor-widget-athens_elementor_heading\" data-id=\"a627693\" data-element_type=\"widget\" data-e-type=\"widget\" data-widget_type=\"athens_elementor_heading.default\">\n\t\t\t\t<div class=\"elementor-widget-container\">\n\t\t\t\t\t\t\t<div class=\"ova-heading template1\">\n\t\t\t\t\t\t\t\n\t\t\t\t<h2 class=\"title\">\t\t\t\t\t\t\t\t\t\t\tDescubre lo que nuestros clientes dicen.\t\t\t\t\t\t\t\t\t<\/h2>\n\t\t\t\t\t<\/div>\n\t\t\t\t\t\t<\/div>\n\t\t\t\t<\/div>\n\t\t\t\t<\/div>\n\t\t\t\t<section class=\"elementor-section elementor-top-section elementor-element elementor-element-7e78a28 elementor-section-boxed elementor-section-height-default elementor-section-height-default\" data-id=\"7e78a28\" data-element_type=\"section\" data-e-type=\"section\">\n\t\t\t\t\t\t\t<div class=\"elementor-background-overlay\"><\/div>\n\t\t\t\t\t\t\t<div class=\"elementor-container elementor-column-gap-no\">\n\t\t\t\t\t<div class=\"elementor-column elementor-col-100 elementor-top-column elementor-element elementor-element-90a0f1c\" data-id=\"90a0f1c\" data-element_type=\"column\" data-e-type=\"column\">\n\t\t\t<div class=\"elementor-widget-wrap elementor-element-populated\">\n\t\t\t\t\t\t<div class=\"elementor-element elementor-element-72c493d elementor-widget elementor-widget-athens_elementor_testimonial\" data-id=\"72c493d\" data-element_type=\"widget\" data-e-type=\"widget\" data-settings=\"{&quot;pause_on_hover&quot;:&quot;yes&quot;,&quot;infinite&quot;:&quot;yes&quot;,&quot;autoplay&quot;:&quot;yes&quot;,&quot;dot_control&quot;:&quot;yes&quot;,&quot;navText_control&quot;:&quot;yes&quot;}\" data-widget_type=\"athens_elementor_testimonial.default\">\n\t\t\t\t<div class=\"elementor-widget-container\">\n\t\t\t\t\t         <div class=\"ova-testimonial\">\n\n\t\t\t\t<div class=\"slide-testimonial owl-carousel owl-theme\" data-options=\"{&quot;slideBy&quot;:1,&quot;margin&quot;:0,&quot;autoplayHoverPause&quot;:true,&quot;loop&quot;:true,&quot;autoplay&quot;:true,&quot;autoplayTimeout&quot;:11906,&quot;smartSpeed&quot;:1000,&quot;dots&quot;:true,&quot;nav&quot;:true,&quot;rtl&quot;:false}\">\n\t\t\t\t\t\n\t\t\t\t\t\t\t<div class=\"item\">\n\n\t\t\t\t\t\t\t\t<div class=\"info\">\n\n                                    \t\t\t\t\t\t\t\t        <i class=\"fas fa-quote-right\"><\/i>\n\t\t\t\t\t\t\t        \n\t\t\t\t\t\t\t\t\t\t\t\t\t\t\t\t\t\t\t<h3 class=\"name\">\n\t\t\t\t\t\t\t\t\t\t\tFabricio P\u00e9rez\t\t\t\t\t\t\t\t\t\t<\/h3>\n\t\t\t\t\t\t\t\t\t\n\t\t\t\t\t\t\t\t\t\t\t\t\t\t\t\t\t\t\t<p  class=\"description\">\n\t\t\t\t\t\t\t\t\t\t\t&quot;Lascano y Asociados son los abogados en quienes conf\u00edo para todas mis necesidades legales. Han representado a mi empresa en varios asuntos legales, desde contratos hasta litigios, y siempre han demostrado una s\u00f3lida comprensi\u00f3n de la ley y un compromiso inquebrantable. Son profesionales de primer nivel y los recomendar\u00eda a cualquier persona o empresa.&quot;\t\t\t\t\t\t\t\t\t\t<\/p>\n\t\t\t\t\t\t\t\t    \n\t\t\t\t\t\t\t\t    <div class=\"testimonial-img\">\n\t\t\t\t\t\t\t\t\t    <img decoding=\"async\" src=\"https:\/\/lascanoyasociados.com\/wp-content\/uploads\/2023\/10\/flaticon.gif\" alt=\"\">\n\t\t\t\t\t\t\t\t    <\/div>\n\n\t\t\t\t\t\t\t\t<\/div>\n\n\t\t\t\t\t\t\t<\/div>\t\n\n\t\t\t\t\t\n\t\t\t\t<\/div>\n\n\t\t\t<\/div>\n\t\t \t\n\t\t\t\t\t\t<\/div>\n\t\t\t\t<\/div>\n\t\t\t\t\t<\/div>\n\t\t<\/div>\n\t\t\t\t\t<\/div>\n\t\t<\/section>\n\t\t\t\t<section class=\"elementor-section elementor-top-section elementor-element elementor-element-df5591f elementor-section-boxed elementor-section-height-default elementor-section-height-default\" data-id=\"df5591f\" data-element_type=\"section\" data-e-type=\"section\">\n\t\t\t\t\t\t\t<div class=\"elementor-background-overlay\"><\/div>\n\t\t\t\t\t\t\t<div class=\"elementor-container elementor-column-gap-no\">\n\t\t\t\t\t<div class=\"elementor-column elementor-col-100 elementor-top-column elementor-element elementor-element-74f860e\" data-id=\"74f860e\" data-element_type=\"column\" data-e-type=\"column\">\n\t\t\t<div class=\"elementor-widget-wrap elementor-element-populated\">\n\t\t\t\t\t\t<div class=\"elementor-element elementor-element-1721157 elementor-widget elementor-widget-athens_elementor_testimonial\" data-id=\"1721157\" data-element_type=\"widget\" data-e-type=\"widget\" data-settings=\"{&quot;pause_on_hover&quot;:&quot;yes&quot;,&quot;infinite&quot;:&quot;yes&quot;,&quot;autoplay&quot;:&quot;yes&quot;,&quot;dot_control&quot;:&quot;yes&quot;,&quot;navText_control&quot;:&quot;yes&quot;}\" data-widget_type=\"athens_elementor_testimonial.default\">\n\t\t\t\t<div class=\"elementor-widget-container\">\n\t\t\t\t\t         <div class=\"ova-testimonial\">\n\n\t\t\t\t<div class=\"slide-testimonial owl-carousel owl-theme\" data-options=\"{&quot;slideBy&quot;:1,&quot;margin&quot;:0,&quot;autoplayHoverPause&quot;:true,&quot;loop&quot;:true,&quot;autoplay&quot;:true,&quot;autoplayTimeout&quot;:11906,&quot;smartSpeed&quot;:1000,&quot;dots&quot;:true,&quot;nav&quot;:true,&quot;rtl&quot;:false}\">\n\t\t\t\t\t\n\t\t\t\t\t\t\t<div class=\"item\">\n\n\t\t\t\t\t\t\t\t<div class=\"info\">\n\n                                    \t\t\t\t\t\t\t\t        <i class=\"fas fa-quote-right\"><\/i>\n\t\t\t\t\t\t\t        \n\t\t\t\t\t\t\t\t\t\t\t\t\t\t\t\t\t\t\t<h3 class=\"name\">\n\t\t\t\t\t\t\t\t\t\t\tDaniela Sanchez\t\t\t\t\t\t\t\t\t\t<\/h3>\n\t\t\t\t\t\t\t\t\t\n\t\t\t\t\t\t\t\t\t\t\t\t\t\t\t\t\t\t\t<p  class=\"description\">\n\t\t\t\t\t\t\t\t\t\t\t&quot;He tenido la oportunidad de trabajar con Lascano y Asociados en un caso legal complicado y su profesionalismo fue sobresaliente. Desde el primer momento, demostraron un profundo conocimiento legal y una dedicaci\u00f3n excepcional. Gracias a su experiencia y enfoque estrat\u00e9gico, logramos un resultado favorable en mi caso. Los recomendar\u00eda sin dudarlo.&quot;\t\t\t\t\t\t\t\t\t\t<\/p>\n\t\t\t\t\t\t\t\t    \n\t\t\t\t\t\t\t\t    <div class=\"testimonial-img\">\n\t\t\t\t\t\t\t\t\t    <img decoding=\"async\" src=\"https:\/\/lascanoyasociados.com\/wp-content\/uploads\/2023\/10\/flaticon.gif\" alt=\"\">\n\t\t\t\t\t\t\t\t    <\/div>\n\n\t\t\t\t\t\t\t\t<\/div>\n\n\t\t\t\t\t\t\t<\/div>\t\n\n\t\t\t\t\t\n\t\t\t\t<\/div>\n\n\t\t\t<\/div>\n\t\t \t\n\t\t\t\t\t\t<\/div>\n\t\t\t\t<\/div>\n\t\t\t\t<div class=\"elementor-element elementor-element-8aa0310 elementor-widget elementor-widget-athens_elementor_testimonial\" data-id=\"8aa0310\" data-element_type=\"widget\" data-e-type=\"widget\" data-settings=\"{&quot;pause_on_hover&quot;:&quot;yes&quot;,&quot;infinite&quot;:&quot;yes&quot;,&quot;autoplay&quot;:&quot;yes&quot;,&quot;dot_control&quot;:&quot;yes&quot;,&quot;navText_control&quot;:&quot;yes&quot;}\" data-widget_type=\"athens_elementor_testimonial.default\">\n\t\t\t\t<div class=\"elementor-widget-container\">\n\t\t\t\t\t         <div class=\"ova-testimonial\">\n\n\t\t\t\t<div class=\"slide-testimonial owl-carousel owl-theme\" data-options=\"{&quot;slideBy&quot;:1,&quot;margin&quot;:0,&quot;autoplayHoverPause&quot;:true,&quot;loop&quot;:true,&quot;autoplay&quot;:true,&quot;autoplayTimeout&quot;:11906,&quot;smartSpeed&quot;:1000,&quot;dots&quot;:true,&quot;nav&quot;:true,&quot;rtl&quot;:false}\">\n\t\t\t\t\t\n\t\t\t\t\t\t\t<div class=\"item\">\n\n\t\t\t\t\t\t\t\t<div class=\"info\">\n\n                                    \t\t\t\t\t\t\t\t        <i class=\"fas fa-quote-right\"><\/i>\n\t\t\t\t\t\t\t        \n\t\t\t\t\t\t\t\t\t\t\t\t\t\t\t\t\t\t\t<h3 class=\"name\">\n\t\t\t\t\t\t\t\t\t\t\t Ana Rodr\u00edguez\t\t\t\t\t\t\t\t\t\t<\/h3>\n\t\t\t\t\t\t\t\t\t\n\t\t\t\t\t\t\t\t\t\t\t\t\t\t\t\t\t\t\t<p  class=\"description\">\n\t\t\t\t\t\t\t\t\t\t\t&quot; Los servicios de Lascano y Asociados han sido un verdadero salvavidas para m\u00ed y mi familia en un momento dif\u00edcil. Nos asistieron en un caso de herencia complicado que involucraba m\u00faltiples jurisdicciones. Gracias a ellos, pudimos resolver nuestra situaci\u00f3n legal y hereditaria de manera exitosa. Los consideramos nuestros abogados de confianza y siempre los recomendamos.&quot;\t\t\t\t\t\t\t\t\t\t<\/p>\n\t\t\t\t\t\t\t\t    \n\t\t\t\t\t\t\t\t    <div class=\"testimonial-img\">\n\t\t\t\t\t\t\t\t\t    <img decoding=\"async\" src=\"https:\/\/lascanoyasociados.com\/wp-content\/uploads\/2023\/10\/flaticon.gif\" alt=\"\">\n\t\t\t\t\t\t\t\t    <\/div>\n\n\t\t\t\t\t\t\t\t<\/div>\n\n\t\t\t\t\t\t\t<\/div>\t\n\n\t\t\t\t\t\n\t\t\t\t<\/div>\n\n\t\t\t<\/div>\n\t\t \t\n\t\t\t\t\t\t<\/div>\n\t\t\t\t<\/div>\n\t\t\t\t\t<\/div>\n\t\t<\/div>\n\t\t\t\t\t<\/div>\n\t\t<\/section>\n\t\t\t\t<\/div>\n\t\t","protected":false},"excerpt":{"rendered":"<p>Descubre lo que nuestros clientes dicen. Fabricio P\u00e9rez &quot;Lascano y Asociados son los abogados en quienes conf\u00edo para todas mis necesidades legales. Han representado a mi empresa en varios asuntos legales, desde contratos hasta litigios, y siempre han demostrado una s\u00f3lida comprensi\u00f3n de la ley y un compromiso inquebrantable. Son profesionales de primer nivel y [&hellip;]<\/p>\n","protected":false},"author":1,"featured_media":0,"parent":0,"menu_order":0,"comment_status":"closed","ping_status":"closed","template":"elementor_theme","meta":{"_monsterinsights_skip_tracking":false,"_monsterinsights_sitenote_active":false,"_monsterinsights_sitenote_note":"","_monsterinsights_sitenote_category":0,"footnotes":""},"class_list":["post-8040","page","type-page","status-publish","hentry"],"aioseo_notices":[],"_links":{"self":[{"href":"https:\/\/lascanoyasociados.com\/index.php\/wp-json\/wp\/v2\/pages\/8040","targetHints":{"allow":["GET"]}}],"collection":[{"href":"https:\/\/lascanoyasociados.com\/index.php\/wp-json\/wp\/v2\/pages"}],"about":[{"href":"https:\/\/lascanoyasociados.com\/index.php\/wp-json\/wp\/v2\/types\/page"}],"author":[{"embeddable":true,"href":"https:\/\/lascanoyasociados.com\/index.php\/wp-json\/wp\/v2\/users\/1"}],"replies":[{"embeddable":true,"href":"https:\/\/lascanoyasociados.com\/index.php\/wp-json\/wp\/v2\/comments?post=8040"}],"version-history":[{"count":28,"href":"https:\/\/lascanoyasociados.com\/index.php\/wp-json\/wp\/v2\/pages\/8040\/revisions"}],"predecessor-version":[{"id":8818,"href":"https:\/\/lascanoyasociados.com\/index.php\/wp-json\/wp\/v2\/pages\/8040\/revisions\/8818"}],"wp:attachment":[{"href":"https:\/\/lascanoyasociados.com\/index.php\/wp-json\/wp\/v2\/media?parent=8040"}],"curies":[{"name":"wp","href":"https:\/\/api.w.org\/{rel}","templated":true}]}}