{"id":8309,"date":"2023-11-13T15:47:33","date_gmt":"2023-11-13T14:47:33","guid":{"rendered":"https:\/\/lascanoyasociados.com\/?page_id=8309"},"modified":"2024-03-23T18:35:46","modified_gmt":"2024-03-23T17:35:46","slug":"que-nos-diferencia","status":"publish","type":"page","link":"https:\/\/lascanoyasociados.com\/index.php\/que-nos-diferencia\/","title":{"rendered":"Qu\u00e9 nos diferencia"},"content":{"rendered":"\t\t<div data-elementor-type=\"wp-page\" data-elementor-id=\"8309\" class=\"elementor elementor-8309\">\n\t\t\t\t<div class=\"elementor-element elementor-element-8d1a4d4 e-flex e-con-boxed elementor-invisible e-con e-parent\" data-id=\"8d1a4d4\" data-element_type=\"container\" data-e-type=\"container\" data-settings=\"{&quot;animation&quot;:&quot;fadeInLeft&quot;}\">\n\t\t\t\t\t<div class=\"e-con-inner\">\n\t\t<div class=\"elementor-element elementor-element-2617998 e-con-full e-flex e-con e-child\" data-id=\"2617998\" data-element_type=\"container\" data-e-type=\"container\">\n\t\t\t\t<div class=\"elementor-element elementor-element-a2c86a6 elementor-widget elementor-widget-athens_elementor_heading\" data-id=\"a2c86a6\" data-element_type=\"widget\" data-e-type=\"widget\" data-widget_type=\"athens_elementor_heading.default\">\n\t\t\t\t<div class=\"elementor-widget-container\">\n\t\t\t\t\t\t\t<div class=\"ova-heading template1\">\n\t\t\t\t\t\t\t\t\t\t\t\t<h3 class=\"sub-title\">\n\t\t\t\t\t\t\t\t\t\t\t\t\t\t\t\t\t\t\u00bfQu\u00e9 nos diferencia?\t\t\t\t\t\t<span class=\"underlined\"><\/span>\n\t\t\t\t\t<\/h3>\n\t\t\t\t\t\n\t\t\t\t\n\t\t\t\t<h2 class=\"title\">\t\t\t\t\t\t\t\t\t\t\t\t\t\t\t\t\t\t\t\t<\/h2>\n\t\t\t\t\t<\/div>\n\t\t\t\t\t\t<\/div>\n\t\t\t\t<\/div>\n\t\t\t\t<div class=\"elementor-element elementor-element-67fde17 elementor-widget-divider--view-line elementor-widget elementor-widget-divider\" data-id=\"67fde17\" data-element_type=\"widget\" data-e-type=\"widget\" data-widget_type=\"divider.default\">\n\t\t\t\t<div class=\"elementor-widget-container\">\n\t\t\t\t\t\t\t<div class=\"elementor-divider\">\n\t\t\t<span class=\"elementor-divider-separator\">\n\t\t\t\t\t\t<\/span>\n\t\t<\/div>\n\t\t\t\t\t\t<\/div>\n\t\t\t\t<\/div>\n\t\t\t\t<div class=\"elementor-element elementor-element-cbc0373 elementor-widget__width-initial elementor-widget elementor-widget-heading\" data-id=\"cbc0373\" data-element_type=\"widget\" data-e-type=\"widget\" data-widget_type=\"heading.default\">\n\t\t\t\t<div class=\"elementor-widget-container\">\n\t\t\t\t\t<h5 class=\"elementor-heading-title elementor-size-medium\">En el \u00e1mbito legal, rompemos con la l\u00f3gica de la econom\u00eda de escala propia de grandes negocios. Aqu\u00ed, la elecci\u00f3n de un profesional no se determina por la cantidad, sino por la calidad de la atenci\u00f3n, la confianza meticulosa y la dedicaci\u00f3n que consideramos esencial como artesanos del derecho.  Nos enorgullece destacarnos por los siguientes valores que nos distinguen de otros estudios jur\u00eddicos.<\/h5>\t\t\t\t<\/div>\n\t\t\t\t<\/div>\n\t\t\t\t<\/div>\n\t\t<div class=\"elementor-element elementor-element-df0bb6c e-con-full e-flex e-con e-child\" data-id=\"df0bb6c\" data-element_type=\"container\" data-e-type=\"container\">\n\t\t\t\t<div class=\"elementor-element elementor-element-32874ff elementor-widget elementor-widget-image\" data-id=\"32874ff\" data-element_type=\"widget\" data-e-type=\"widget\" data-widget_type=\"image.default\">\n\t\t\t\t<div class=\"elementor-widget-container\">\n\t\t\t\t\t\t\t\t\t\t\t\t\t\t\t<img fetchpriority=\"high\" decoding=\"async\" width=\"800\" height=\"533\" src=\"https:\/\/lascanoyasociados.com\/wp-content\/uploads\/2023\/11\/leadership-2022-11-07-22-09-40-utc.jpg\" class=\"attachment-large size-large wp-image-8329\" alt=\"\" \/>\t\t\t\t\t\t\t\t\t\t\t\t\t\t\t<\/div>\n\t\t\t\t<\/div>\n\t\t\t\t<\/div>\n\t\t\t\t\t<\/div>\n\t\t\t\t<\/div>\n\t\t<div class=\"elementor-element elementor-element-bc71f54 e-flex e-con-boxed e-con e-parent\" data-id=\"bc71f54\" data-element_type=\"container\" data-e-type=\"container\">\n\t\t\t\t\t<div class=\"e-con-inner\">\n\t\t\t\t<div class=\"elementor-element elementor-element-d79db6a elementor-widget elementor-widget-spacer\" data-id=\"d79db6a\" data-element_type=\"widget\" data-e-type=\"widget\" data-widget_type=\"spacer.default\">\n\t\t\t\t<div class=\"elementor-widget-container\">\n\t\t\t\t\t\t\t<div class=\"elementor-spacer\">\n\t\t\t<div class=\"elementor-spacer-inner\"><\/div>\n\t\t<\/div>\n\t\t\t\t\t\t<\/div>\n\t\t\t\t<\/div>\n\t\t\t\t\t<\/div>\n\t\t\t\t<\/div>\n\t\t<div class=\"elementor-element elementor-element-25d1912 e-flex e-con-boxed elementor-invisible e-con e-parent\" data-id=\"25d1912\" data-element_type=\"container\" data-e-type=\"container\" data-settings=\"{&quot;background_background&quot;:&quot;classic&quot;,&quot;animation&quot;:&quot;fadeInRight&quot;}\">\n\t\t\t\t\t<div class=\"e-con-inner\">\n\t\t<div class=\"elementor-element elementor-element-608c61d e-con-full e-flex e-con e-child\" data-id=\"608c61d\" data-element_type=\"container\" data-e-type=\"container\">\n\t\t\t\t<div class=\"elementor-element elementor-element-c2ca469 elementor-widget elementor-widget-athens_elementor_heading\" data-id=\"c2ca469\" data-element_type=\"widget\" data-e-type=\"widget\" data-widget_type=\"athens_elementor_heading.default\">\n\t\t\t\t<div class=\"elementor-widget-container\">\n\t\t\t\t\t\t\t<div class=\"ova-heading template1\">\n\t\t\t\t\t\t\t\t\t\t\t\t<h3 class=\"sub-title\">\n\t\t\t\t\t\t\t\t\t\t\t\t\t\t\t\t\t\tCompromiso Personalizado\t\t\t\t\t\t<span class=\"underlined\"><\/span>\n\t\t\t\t\t<\/h3>\n\t\t\t\t\t\n\t\t\t\t\n\t\t\t\t<h2 class=\"title\">\t\t\t\t\t\t\t\t\t\t\t\t\t\t\t\t\t\t\t\t<\/h2>\n\t\t\t\t\t<\/div>\n\t\t\t\t\t\t<\/div>\n\t\t\t\t<\/div>\n\t\t\t\t<div class=\"elementor-element elementor-element-2d54583 elementor-widget-divider--view-line elementor-widget elementor-widget-divider\" data-id=\"2d54583\" data-element_type=\"widget\" data-e-type=\"widget\" data-widget_type=\"divider.default\">\n\t\t\t\t<div class=\"elementor-widget-container\">\n\t\t\t\t\t\t\t<div class=\"elementor-divider\">\n\t\t\t<span class=\"elementor-divider-separator\">\n\t\t\t\t\t\t<\/span>\n\t\t<\/div>\n\t\t\t\t\t\t<\/div>\n\t\t\t\t<\/div>\n\t\t\t\t<div class=\"elementor-element elementor-element-b3bcd21 elementor-widget__width-initial elementor-widget elementor-widget-heading\" data-id=\"b3bcd21\" data-element_type=\"widget\" data-e-type=\"widget\" data-widget_type=\"heading.default\">\n\t\t\t\t<div class=\"elementor-widget-container\">\n\t\t\t\t\t<h5 class=\"elementor-heading-title elementor-size-medium\">\nReconocemos la singularidad de cada caso y nos comprometemos a brindar un servicio legal personalizado, adaptado a las necesidades individuales de nuestros clientes. Nuestro enfoque radica en comprender a fondo sus situaciones para ofrecer soluciones legales efectivas y personalizadas.<\/h5>\t\t\t\t<\/div>\n\t\t\t\t<\/div>\n\t\t\t\t<\/div>\n\t\t<div class=\"elementor-element elementor-element-ac76888 e-con-full e-flex e-con e-child\" data-id=\"ac76888\" data-element_type=\"container\" data-e-type=\"container\">\n\t\t\t\t<div class=\"elementor-element elementor-element-101f7e6 elementor-widget elementor-widget-image\" data-id=\"101f7e6\" data-element_type=\"widget\" data-e-type=\"widget\" data-widget_type=\"image.default\">\n\t\t\t\t<div class=\"elementor-widget-container\">\n\t\t\t\t\t\t\t\t\t\t\t\t\t\t\t<img decoding=\"async\" width=\"800\" height=\"532\" src=\"https:\/\/lascanoyasociados.com\/wp-content\/uploads\/2023\/11\/jigsaw-puzzle-with-missing-piece-missing-puzzle-p-2021-08-31-08-30-31-utc.jpg\" class=\"attachment-large size-large wp-image-8333\" alt=\"\" \/>\t\t\t\t\t\t\t\t\t\t\t\t\t\t\t<\/div>\n\t\t\t\t<\/div>\n\t\t\t\t<\/div>\n\t\t\t\t\t<\/div>\n\t\t\t\t<\/div>\n\t\t<div class=\"elementor-element elementor-element-bee9bee e-flex e-con-boxed e-con e-parent\" data-id=\"bee9bee\" data-element_type=\"container\" data-e-type=\"container\">\n\t\t\t\t\t<div class=\"e-con-inner\">\n\t\t\t\t<div class=\"elementor-element elementor-element-d10a220 elementor-widget elementor-widget-spacer\" data-id=\"d10a220\" data-element_type=\"widget\" data-e-type=\"widget\" data-widget_type=\"spacer.default\">\n\t\t\t\t<div class=\"elementor-widget-container\">\n\t\t\t\t\t\t\t<div class=\"elementor-spacer\">\n\t\t\t<div class=\"elementor-spacer-inner\"><\/div>\n\t\t<\/div>\n\t\t\t\t\t\t<\/div>\n\t\t\t\t<\/div>\n\t\t\t\t\t<\/div>\n\t\t\t\t<\/div>\n\t\t<div class=\"elementor-element elementor-element-d5b5dbf e-flex e-con-boxed elementor-invisible e-con e-parent\" data-id=\"d5b5dbf\" data-element_type=\"container\" data-e-type=\"container\" data-settings=\"{&quot;animation&quot;:&quot;fadeInLeft&quot;}\">\n\t\t\t\t\t<div class=\"e-con-inner\">\n\t\t<div class=\"elementor-element elementor-element-2785795 e-con-full e-flex e-con e-child\" data-id=\"2785795\" data-element_type=\"container\" data-e-type=\"container\">\n\t\t\t\t<div class=\"elementor-element elementor-element-2530843 elementor-widget elementor-widget-athens_elementor_heading\" data-id=\"2530843\" data-element_type=\"widget\" data-e-type=\"widget\" data-widget_type=\"athens_elementor_heading.default\">\n\t\t\t\t<div class=\"elementor-widget-container\">\n\t\t\t\t\t\t\t<div class=\"ova-heading template1\">\n\t\t\t\t\t\t\t\t\t\t\t\t<h3 class=\"sub-title\">\n\t\t\t\t\t\t\t\t\t\t\t\t\t\t\t\t\t\tTransparencia y Honestidad\t\t\t\t\t\t<span class=\"underlined\"><\/span>\n\t\t\t\t\t<\/h3>\n\t\t\t\t\t\n\t\t\t\t\n\t\t\t\t<h2 class=\"title\">\t\t\t\t\t\t\t\t\t\t\t\t\t\t\t\t\t\t\t\t<\/h2>\n\t\t\t\t\t<\/div>\n\t\t\t\t\t\t<\/div>\n\t\t\t\t<\/div>\n\t\t\t\t<div class=\"elementor-element elementor-element-3316ac4 elementor-widget-divider--view-line elementor-widget elementor-widget-divider\" data-id=\"3316ac4\" data-element_type=\"widget\" data-e-type=\"widget\" data-widget_type=\"divider.default\">\n\t\t\t\t<div class=\"elementor-widget-container\">\n\t\t\t\t\t\t\t<div class=\"elementor-divider\">\n\t\t\t<span class=\"elementor-divider-separator\">\n\t\t\t\t\t\t<\/span>\n\t\t<\/div>\n\t\t\t\t\t\t<\/div>\n\t\t\t\t<\/div>\n\t\t\t\t<div class=\"elementor-element elementor-element-933fb29 elementor-widget__width-initial elementor-widget elementor-widget-heading\" data-id=\"933fb29\" data-element_type=\"widget\" data-e-type=\"widget\" data-widget_type=\"heading.default\">\n\t\t\t\t<div class=\"elementor-widget-container\">\n\t\t\t\t\t<h5 class=\"elementor-heading-title elementor-size-medium\">Creemos en la transparencia y la honestidad como piedra angular de una relaci\u00f3n de confianza con nuestros clientes. No solo compartimos los \u00e9xitos, sino que tambi\u00e9n discutimos abierta y honestamente los desaf\u00edos potenciales, garantizando que nuestros clientes est\u00e9n informados y empoderados en cada paso del camino.<\/h5>\t\t\t\t<\/div>\n\t\t\t\t<\/div>\n\t\t\t\t<\/div>\n\t\t<div class=\"elementor-element elementor-element-a6d22f9 e-con-full e-flex e-con e-child\" data-id=\"a6d22f9\" data-element_type=\"container\" data-e-type=\"container\">\n\t\t\t\t<div class=\"elementor-element elementor-element-4a8bedb elementor-widget elementor-widget-image\" data-id=\"4a8bedb\" data-element_type=\"widget\" data-e-type=\"widget\" data-widget_type=\"image.default\">\n\t\t\t\t<div class=\"elementor-widget-container\">\n\t\t\t\t\t\t\t\t\t\t\t\t\t\t\t<img decoding=\"async\" width=\"800\" height=\"600\" src=\"https:\/\/lascanoyasociados.com\/wp-content\/uploads\/2023\/11\/mechanical-works-of-a-clock-2022-11-09-06-50-48-utc.jpg\" class=\"attachment-large size-large wp-image-8335\" alt=\"\" \/>\t\t\t\t\t\t\t\t\t\t\t\t\t\t\t<\/div>\n\t\t\t\t<\/div>\n\t\t\t\t<\/div>\n\t\t\t\t\t<\/div>\n\t\t\t\t<\/div>\n\t\t<div class=\"elementor-element elementor-element-d00b239 e-flex e-con-boxed e-con e-parent\" data-id=\"d00b239\" data-element_type=\"container\" data-e-type=\"container\">\n\t\t\t\t\t<div class=\"e-con-inner\">\n\t\t\t\t<div class=\"elementor-element elementor-element-ff61f42 elementor-widget elementor-widget-spacer\" data-id=\"ff61f42\" data-element_type=\"widget\" data-e-type=\"widget\" data-widget_type=\"spacer.default\">\n\t\t\t\t<div class=\"elementor-widget-container\">\n\t\t\t\t\t\t\t<div class=\"elementor-spacer\">\n\t\t\t<div class=\"elementor-spacer-inner\"><\/div>\n\t\t<\/div>\n\t\t\t\t\t\t<\/div>\n\t\t\t\t<\/div>\n\t\t\t\t\t<\/div>\n\t\t\t\t<\/div>\n\t\t<div class=\"elementor-element elementor-element-85ddd35 e-flex e-con-boxed elementor-invisible e-con e-parent\" data-id=\"85ddd35\" data-element_type=\"container\" data-e-type=\"container\" data-settings=\"{&quot;background_background&quot;:&quot;classic&quot;,&quot;animation&quot;:&quot;fadeInRight&quot;}\">\n\t\t\t\t\t<div class=\"e-con-inner\">\n\t\t<div class=\"elementor-element elementor-element-6ed1db6 e-con-full e-flex e-con e-child\" data-id=\"6ed1db6\" data-element_type=\"container\" data-e-type=\"container\">\n\t\t\t\t<div class=\"elementor-element elementor-element-d279686 elementor-widget elementor-widget-athens_elementor_heading\" data-id=\"d279686\" data-element_type=\"widget\" data-e-type=\"widget\" data-widget_type=\"athens_elementor_heading.default\">\n\t\t\t\t<div class=\"elementor-widget-container\">\n\t\t\t\t\t\t\t<div class=\"ova-heading template1\">\n\t\t\t\t\t\t\t\t\t\t\t\t<h3 class=\"sub-title\">\n\t\t\t\t\t\t\t\t\t\t\t\t\t\t\t\t\t\tExperiencia Personalizada\t\t\t\t\t\t<span class=\"underlined\"><\/span>\n\t\t\t\t\t<\/h3>\n\t\t\t\t\t\n\t\t\t\t\n\t\t\t\t<h2 class=\"title\">\t\t\t\t\t\t\t\t\t\t\t\t\t\t\t\t\t\t\t\t<\/h2>\n\t\t\t\t\t<\/div>\n\t\t\t\t\t\t<\/div>\n\t\t\t\t<\/div>\n\t\t\t\t<div class=\"elementor-element elementor-element-a80c969 elementor-widget-divider--view-line elementor-widget elementor-widget-divider\" data-id=\"a80c969\" data-element_type=\"widget\" data-e-type=\"widget\" data-widget_type=\"divider.default\">\n\t\t\t\t<div class=\"elementor-widget-container\">\n\t\t\t\t\t\t\t<div class=\"elementor-divider\">\n\t\t\t<span class=\"elementor-divider-separator\">\n\t\t\t\t\t\t<\/span>\n\t\t<\/div>\n\t\t\t\t\t\t<\/div>\n\t\t\t\t<\/div>\n\t\t\t\t<div class=\"elementor-element elementor-element-c5ade43 elementor-widget__width-initial elementor-widget elementor-widget-heading\" data-id=\"c5ade43\" data-element_type=\"widget\" data-e-type=\"widget\" data-widget_type=\"heading.default\">\n\t\t\t\t<div class=\"elementor-widget-container\">\n\t\t\t\t\t<h5 class=\"elementor-heading-title elementor-size-medium\">Nuestro equipo de abogados consultores cuenta con una experiencia s\u00f3lida en diversas \u00e1reas legales. Nos especializamos en proporcionar asesoramiento jur\u00eddico altamente especializado y soluciones creativas a los problemas legales m\u00e1s complejos. La combinaci\u00f3n de nuestra experiencia y dedicaci\u00f3n nos permite brindar a nuestros clientes una representaci\u00f3n legal excepcional.<\/h5>\t\t\t\t<\/div>\n\t\t\t\t<\/div>\n\t\t\t\t<\/div>\n\t\t<div class=\"elementor-element elementor-element-590ed5e e-con-full e-flex e-con e-child\" data-id=\"590ed5e\" data-element_type=\"container\" data-e-type=\"container\">\n\t\t\t\t<div class=\"elementor-element elementor-element-7cb1d45 elementor-widget elementor-widget-image\" data-id=\"7cb1d45\" data-element_type=\"widget\" data-e-type=\"widget\" data-widget_type=\"image.default\">\n\t\t\t\t<div class=\"elementor-widget-container\">\n\t\t\t\t\t\t\t\t\t\t\t\t\t\t\t<img loading=\"lazy\" decoding=\"async\" width=\"800\" height=\"571\" src=\"https:\/\/lascanoyasociados.com\/wp-content\/uploads\/2023\/11\/hands-of-business-people-making-fist-bump-together-2022-11-01-02-37-37-utc.jpg\" class=\"attachment-large size-large wp-image-8339\" alt=\"\" \/>\t\t\t\t\t\t\t\t\t\t\t\t\t\t\t<\/div>\n\t\t\t\t<\/div>\n\t\t\t\t<\/div>\n\t\t\t\t\t<\/div>\n\t\t\t\t<\/div>\n\t\t<div class=\"elementor-element elementor-element-864393b e-flex e-con-boxed e-con e-parent\" data-id=\"864393b\" data-element_type=\"container\" data-e-type=\"container\">\n\t\t\t\t\t<div class=\"e-con-inner\">\n\t\t\t\t<div class=\"elementor-element elementor-element-53320ff elementor-widget elementor-widget-spacer\" data-id=\"53320ff\" data-element_type=\"widget\" data-e-type=\"widget\" data-widget_type=\"spacer.default\">\n\t\t\t\t<div class=\"elementor-widget-container\">\n\t\t\t\t\t\t\t<div class=\"elementor-spacer\">\n\t\t\t<div class=\"elementor-spacer-inner\"><\/div>\n\t\t<\/div>\n\t\t\t\t\t\t<\/div>\n\t\t\t\t<\/div>\n\t\t\t\t\t<\/div>\n\t\t\t\t<\/div>\n\t\t<div class=\"elementor-element elementor-element-fbe5f1d e-flex e-con-boxed elementor-invisible e-con e-parent\" data-id=\"fbe5f1d\" data-element_type=\"container\" data-e-type=\"container\" data-settings=\"{&quot;animation&quot;:&quot;fadeInLeft&quot;}\">\n\t\t\t\t\t<div class=\"e-con-inner\">\n\t\t<div class=\"elementor-element elementor-element-ade92ed e-con-full e-flex e-con e-child\" data-id=\"ade92ed\" data-element_type=\"container\" data-e-type=\"container\">\n\t\t\t\t<div class=\"elementor-element elementor-element-7b3a571 elementor-widget elementor-widget-athens_elementor_heading\" data-id=\"7b3a571\" data-element_type=\"widget\" data-e-type=\"widget\" data-widget_type=\"athens_elementor_heading.default\">\n\t\t\t\t<div class=\"elementor-widget-container\">\n\t\t\t\t\t\t\t<div class=\"ova-heading template1\">\n\t\t\t\t\t\t\t\t\t\t\t\t<h3 class=\"sub-title\">\n\t\t\t\t\t\t\t\t\t\t\t\t\t\t\t\t\t\t\u00c9nfasis en la Resoluci\u00f3n Eficiente\t\t\t\t\t\t<span class=\"underlined\"><\/span>\n\t\t\t\t\t<\/h3>\n\t\t\t\t\t\n\t\t\t\t\n\t\t\t\t<h2 class=\"title\">\t\t\t\t\t\t\t\t\t\t\t\t\t\t\t\t\t\t\t\t<\/h2>\n\t\t\t\t\t<\/div>\n\t\t\t\t\t\t<\/div>\n\t\t\t\t<\/div>\n\t\t\t\t<div class=\"elementor-element elementor-element-934122b elementor-widget-divider--view-line elementor-widget elementor-widget-divider\" data-id=\"934122b\" data-element_type=\"widget\" data-e-type=\"widget\" data-widget_type=\"divider.default\">\n\t\t\t\t<div class=\"elementor-widget-container\">\n\t\t\t\t\t\t\t<div class=\"elementor-divider\">\n\t\t\t<span class=\"elementor-divider-separator\">\n\t\t\t\t\t\t<\/span>\n\t\t<\/div>\n\t\t\t\t\t\t<\/div>\n\t\t\t\t<\/div>\n\t\t\t\t<div class=\"elementor-element elementor-element-1bc28a5 elementor-widget__width-initial elementor-widget elementor-widget-heading\" data-id=\"1bc28a5\" data-element_type=\"widget\" data-e-type=\"widget\" data-widget_type=\"heading.default\">\n\t\t\t\t<div class=\"elementor-widget-container\">\n\t\t\t\t\t<h5 class=\"elementor-heading-title elementor-size-medium\">Valoramos la eficiencia en la resoluci\u00f3n de problemas legales. Buscamos soluciones r\u00e1pidas y efectivas sin comprometer la calidad. Nuestra dedicaci\u00f3n a la resoluci\u00f3n eficiente nos permite minimizar costos y tiempos, brindando a nuestros clientes una representaci\u00f3n legal efectiva y asequible.<\/h5>\t\t\t\t<\/div>\n\t\t\t\t<\/div>\n\t\t\t\t<\/div>\n\t\t<div class=\"elementor-element elementor-element-11bc1d2 e-con-full e-flex e-con e-child\" data-id=\"11bc1d2\" data-element_type=\"container\" data-e-type=\"container\">\n\t\t\t\t<div class=\"elementor-element elementor-element-75221e6 elementor-widget elementor-widget-image\" data-id=\"75221e6\" data-element_type=\"widget\" data-e-type=\"widget\" data-widget_type=\"image.default\">\n\t\t\t\t<div class=\"elementor-widget-container\">\n\t\t\t\t\t\t\t\t\t\t\t\t\t\t\t<img loading=\"lazy\" decoding=\"async\" width=\"800\" height=\"450\" src=\"https:\/\/lascanoyasociados.com\/wp-content\/uploads\/2023\/12\/hand-holding-a-light-bulb-innovative-concept-with-2023-11-27-04-51-04-utc.jpg\" class=\"attachment-large size-large wp-image-8542\" alt=\"\" \/>\t\t\t\t\t\t\t\t\t\t\t\t\t\t\t<\/div>\n\t\t\t\t<\/div>\n\t\t\t\t<\/div>\n\t\t\t\t\t<\/div>\n\t\t\t\t<\/div>\n\t\t<div class=\"elementor-element elementor-element-af05402 e-flex e-con-boxed e-con e-parent\" data-id=\"af05402\" data-element_type=\"container\" data-e-type=\"container\">\n\t\t\t\t\t<div class=\"e-con-inner\">\n\t\t\t\t\t<\/div>\n\t\t\t\t<\/div>\n\t\t\t\t<\/div>\n\t\t","protected":false},"excerpt":{"rendered":"<p>\u00bfQu\u00e9 nos diferencia? En el \u00e1mbito legal, rompemos con la l\u00f3gica de la econom\u00eda de escala propia de grandes negocios. Aqu\u00ed, la elecci\u00f3n de un profesional no se determina por la cantidad, sino por la calidad de la atenci\u00f3n, la confianza meticulosa y la dedicaci\u00f3n que consideramos esencial como artesanos del derecho. Nos enorgullece destacarnos [&hellip;]<\/p>\n","protected":false},"author":1,"featured_media":0,"parent":0,"menu_order":0,"comment_status":"closed","ping_status":"closed","template":"","meta":{"_monsterinsights_skip_tracking":false,"_monsterinsights_sitenote_active":false,"_monsterinsights_sitenote_note":"","_monsterinsights_sitenote_category":0,"footnotes":""},"class_list":["post-8309","page","type-page","status-publish","hentry"],"aioseo_notices":[],"_links":{"self":[{"href":"https:\/\/lascanoyasociados.com\/index.php\/wp-json\/wp\/v2\/pages\/8309","targetHints":{"allow":["GET"]}}],"collection":[{"href":"https:\/\/lascanoyasociados.com\/index.php\/wp-json\/wp\/v2\/pages"}],"about":[{"href":"https:\/\/lascanoyasociados.com\/index.php\/wp-json\/wp\/v2\/types\/page"}],"author":[{"embeddable":true,"href":"https:\/\/lascanoyasociados.com\/index.php\/wp-json\/wp\/v2\/users\/1"}],"replies":[{"embeddable":true,"href":"https:\/\/lascanoyasociados.com\/index.php\/wp-json\/wp\/v2\/comments?post=8309"}],"version-history":[{"count":191,"href":"https:\/\/lascanoyasociados.com\/index.php\/wp-json\/wp\/v2\/pages\/8309\/revisions"}],"predecessor-version":[{"id":9038,"href":"https:\/\/lascanoyasociados.com\/index.php\/wp-json\/wp\/v2\/pages\/8309\/revisions\/9038"}],"wp:attachment":[{"href":"https:\/\/lascanoyasociados.com\/index.php\/wp-json\/wp\/v2\/media?parent=8309"}],"curies":[{"name":"wp","href":"https:\/\/api.w.org\/{rel}","templated":true}]}}